{"id":51340,"date":"2016-06-01T11:24:08","date_gmt":"2016-06-01T09:24:08","guid":{"rendered":"https:\/\/vit2gostg.wpenginepowered.com\/shop\/the-pro-kit-3\/"},"modified":"2024-08-07T09:34:14","modified_gmt":"2024-08-07T07:34:14","slug":"the-pro-kit-3","status":"publish","type":"product","link":"https:\/\/www.vit2go.net\/es\/shop\/the-pro-kit\/","title":{"rendered":"The PRO Kit <span class ='product_nickname'> 1 x ENERGY + 1 x IMMUNITY + 1 x DRINK RECOVERY 30-sobres <\/span>"},"content":{"rendered":"<h2>Drink recovery 30-sobres + Energy 30-sobres + Immunity 30-sobres<\/h2>\n<p><span style=\"font-weight: 400;\">\u00a1Presentamos \u00abEl PRO Kit\u201d! Eleva tu experiencia con nuestra selecci\u00f3n completa de 3 sabores, cada uno con 30 sobres meticulosamente elegidos para potenciar tu rendimiento y fomentar tu bienestar. Cada paquete contiene nuestras f\u00f3rmulas ENERGY, IMMUNITY y DRINK RECOVERY, dise\u00f1adas para ayudarte a alcanzar tus metas, fortalecer tu sistema inmunol\u00f3gico y facilitar una recuperaci\u00f3n eficiente. <\/span><\/p>\n<p><span style=\"font-weight: 400;\">Sum\u00e9rgete en un mundo de rendimiento continuo y bienestar integral con \u00abEl PRO Kit\u00bb, tu aliado perfecto en la b\u00fasqueda de la salud.<\/span><\/p>\n","protected":false},"excerpt":{"rendered":"<div class=\"ch_list_short\">\n<div class=\"ch_list_short_item\"><span style=\"font-size: 12pt;\"><img decoding=\"async\" class=\"wp-image-29386 alignleft\" src=\"https:\/\/www.vit2go.net\/wp-content\/uploads\/2016\/07\/yellow-tick.png\" alt=\"\" width=\"14\" height=\"11\" srcset=\"https:\/\/www.vit2go.net\/wp-content\/uploads\/2016\/07\/yellow-tick.png 54w, https:\/\/www.vit2go.net\/wp-content\/uploads\/2016\/07\/yellow-tick-42x33.png 42w\" sizes=\"(max-width: 14px) 100vw, 14px\" \/> Fortalece y apoya el propio sistema inmunol\u00f3gico del cuerpo<\/span><\/div>\n<div class=\"ch_list_short_item\"><img decoding=\"async\" class=\"wp-image-29386 alignleft\" src=\"https:\/\/www.vit2go.net\/wp-content\/uploads\/2016\/07\/yellow-tick.png\" alt=\"\" width=\"12\" height=\"9\" srcset=\"https:\/\/www.vit2go.net\/wp-content\/uploads\/2016\/07\/yellow-tick.png 54w, https:\/\/www.vit2go.net\/wp-content\/uploads\/2016\/07\/yellow-tick-42x33.png 42w\" sizes=\"(max-width: 12px) 100vw, 12px\" \/><span style=\"font-size: 12pt;\"> Poderosa combinaci\u00f3n de ingredientes activos para una m\u00e1xima energ\u00eda y concentraci\u00f3n<\/span><\/div>\n<div class=\"ch_list_short_item\"><img decoding=\"async\" class=\"wp-image-29386 alignleft\" src=\"https:\/\/www.vit2go.net\/wp-content\/uploads\/2016\/07\/yellow-tick.png\" alt=\"\" width=\"12\" height=\"9\" srcset=\"https:\/\/www.vit2go.net\/wp-content\/uploads\/2016\/07\/yellow-tick.png 54w, https:\/\/www.vit2go.net\/wp-content\/uploads\/2016\/07\/yellow-tick-42x33.png 42w\" sizes=\"(max-width: 12px) 100vw, 12px\" \/><span style=\"font-size: 12pt;\"> Electrolitos esenciales para una rehidrataci\u00f3n \u00f3ptima<\/span><\/div>\n<div class=\"ch_list_short_item\"><img decoding=\"async\" class=\"wp-image-29386 alignleft\" src=\"https:\/\/www.vit2go.net\/wp-content\/uploads\/2016\/07\/yellow-tick.png\" alt=\"\" width=\"12\" height=\"9\" srcset=\"https:\/\/www.vit2go.net\/wp-content\/uploads\/2016\/07\/yellow-tick.png 54w, https:\/\/www.vit2go.net\/wp-content\/uploads\/2016\/07\/yellow-tick-42x33.png 42w\" sizes=\"(max-width: 12px) 100vw, 12px\" \/><span style=\"font-size: 12pt;\"> Para una ma\u00f1ana fresca despu\u00e9s de una fiesta<\/span><\/div>\n<div class=\"ch_list_short_item\"><img decoding=\"async\" class=\"wp-image-29386 alignleft\" src=\"https:\/\/www.vit2go.net\/wp-content\/uploads\/2016\/07\/yellow-tick.png\" alt=\"\" width=\"12\" height=\"9\" srcset=\"https:\/\/www.vit2go.net\/wp-content\/uploads\/2016\/07\/yellow-tick.png 54w, https:\/\/www.vit2go.net\/wp-content\/uploads\/2016\/07\/yellow-tick-42x33.png 42w\" sizes=\"(max-width: 12px) 100vw, 12px\" \/><span style=\"font-size: 12pt;\"> 100% vegano<\/span><\/div>\n<\/div>\n","protected":false},"featured_media":52799,"comment_status":"open","ping_status":"closed","template":"","meta":{"_acf_changed":false},"product_brand":[],"product_cat":[421],"product_tag":[],"woo-feed-brand":[],"class_list":{"0":"post-51340","1":"product","2":"type-product","3":"status-publish","4":"has-post-thumbnail","6":"product_cat-bundles-vit2go","8":"first","9":"instock","10":"sale","11":"taxable","12":"purchasable","13":"product-type-woosb"},"acf":[],"yoast_head":"<!-- This site is optimized with the Yoast SEO plugin v27.5 - https:\/\/yoast.com\/product\/yoast-seo-wordpress\/ -->\n<title>The PRO Kit  1 x ENERGY + 1 x IMMUNITY + 1 x DRINK RECOVERY 30-sobres  - Vit2go Online Shop<\/title>\n<meta name=\"robots\" content=\"index, follow, max-snippet:-1, max-image-preview:large, max-video-preview:-1\" \/>\n<link rel=\"canonical\" href=\"https:\/\/www.vit2go.net\/es\/shop\/the-pro-kit\/\" \/>\n<meta property=\"og:locale\" content=\"es_ES\" \/>\n<meta property=\"og:type\" content=\"article\" \/>\n<meta property=\"og:title\" content=\"The PRO Kit  1 x ENERGY + 1 x IMMUNITY + 1 x DRINK RECOVERY 30-sobres  - Vit2go Online Shop\" \/>\n<meta property=\"og:description\" content=\"Fortalece y apoya el propio sistema inmunol\u00f3gico del cuerpo  Poderosa combinaci\u00f3n de ingredientes activos para una m\u00e1xima energ\u00eda y concentraci\u00f3n  Electrolitos esenciales para una rehidrataci\u00f3n \u00f3ptima  Para una ma\u00f1ana fresca despu\u00e9s de una fiesta  100% vegano\" \/>\n<meta property=\"og:url\" content=\"https:\/\/www.vit2go.net\/es\/shop\/the-pro-kit\/\" \/>\n<meta property=\"og:site_name\" content=\"Vit2go Online Shop\" \/>\n<meta property=\"article:modified_time\" content=\"2024-08-07T07:34:14+00:00\" \/>\n<meta property=\"og:image\" content=\"https:\/\/www.vit2go.net\/wp-content\/uploads\/2024\/02\/1-6.png\" \/>\n\t<meta property=\"og:image:width\" content=\"1080\" \/>\n\t<meta property=\"og:image:height\" content=\"1350\" \/>\n\t<meta property=\"og:image:type\" content=\"image\/png\" \/>\n<meta name=\"twitter:card\" content=\"summary_large_image\" \/>\n<meta name=\"twitter:label1\" content=\"Tiempo de lectura\" \/>\n\t<meta name=\"twitter:data1\" content=\"1 minuto\" \/>\n<script type=\"application\/ld+json\" class=\"yoast-schema-graph\">{\"@context\":\"https:\\\/\\\/schema.org\",\"@graph\":[{\"@type\":\"WebPage\",\"@id\":\"https:\\\/\\\/www.vit2go.net\\\/es\\\/shop\\\/the-pro-kit\\\/\",\"url\":\"https:\\\/\\\/www.vit2go.net\\\/es\\\/shop\\\/the-pro-kit\\\/\",\"name\":\"The PRO Kit 1 x ENERGY + 1 x IMMUNITY + 1 x DRINK RECOVERY 30-sobres - Vit2go Online Shop\",\"isPartOf\":{\"@id\":\"https:\\\/\\\/www.vit2go.net\\\/es\\\/#website\"},\"primaryImageOfPage\":{\"@id\":\"https:\\\/\\\/www.vit2go.net\\\/es\\\/shop\\\/the-pro-kit\\\/#primaryimage\"},\"image\":{\"@id\":\"https:\\\/\\\/www.vit2go.net\\\/es\\\/shop\\\/the-pro-kit\\\/#primaryimage\"},\"thumbnailUrl\":\"https:\\\/\\\/www.vit2go.net\\\/wp-content\\\/uploads\\\/2024\\\/02\\\/1-6.png\",\"datePublished\":\"2016-06-01T09:24:08+00:00\",\"dateModified\":\"2024-08-07T07:34:14+00:00\",\"breadcrumb\":{\"@id\":\"https:\\\/\\\/www.vit2go.net\\\/es\\\/shop\\\/the-pro-kit\\\/#breadcrumb\"},\"inLanguage\":\"es\",\"potentialAction\":[{\"@type\":\"ReadAction\",\"target\":[\"https:\\\/\\\/www.vit2go.net\\\/es\\\/shop\\\/the-pro-kit\\\/\"]}]},{\"@type\":\"ImageObject\",\"inLanguage\":\"es\",\"@id\":\"https:\\\/\\\/www.vit2go.net\\\/es\\\/shop\\\/the-pro-kit\\\/#primaryimage\",\"url\":\"https:\\\/\\\/www.vit2go.net\\\/wp-content\\\/uploads\\\/2024\\\/02\\\/1-6.png\",\"contentUrl\":\"https:\\\/\\\/www.vit2go.net\\\/wp-content\\\/uploads\\\/2024\\\/02\\\/1-6.png\",\"width\":1080,\"height\":1350,\"caption\":\"The PRO Kit\"},{\"@type\":\"BreadcrumbList\",\"@id\":\"https:\\\/\\\/www.vit2go.net\\\/es\\\/shop\\\/the-pro-kit\\\/#breadcrumb\",\"itemListElement\":[{\"@type\":\"ListItem\",\"position\":1,\"name\":\"Inicio\",\"item\":\"https:\\\/\\\/www.vit2go.net\\\/es\\\/\"},{\"@type\":\"ListItem\",\"position\":2,\"name\":\"Bundles Vit2go\",\"item\":\"https:\\\/\\\/www.vit2go.net\\\/de\\\/bundles-vit2go-de\\\/\"},{\"@type\":\"ListItem\",\"position\":3,\"name\":\"The PRO Kit 1 x ENERGY + 1 x IMMUNITY + 1 x DRINK RECOVERY 30-sobres\"}]},{\"@type\":\"WebSite\",\"@id\":\"https:\\\/\\\/www.vit2go.net\\\/es\\\/#website\",\"url\":\"https:\\\/\\\/www.vit2go.net\\\/es\\\/\",\"name\":\"Vit2go Online Shop\",\"description\":\"Unlimited vitality with Vit2go\",\"publisher\":{\"@id\":\"https:\\\/\\\/www.vit2go.net\\\/es\\\/#organization\"},\"potentialAction\":[{\"@type\":\"SearchAction\",\"target\":{\"@type\":\"EntryPoint\",\"urlTemplate\":\"https:\\\/\\\/www.vit2go.net\\\/es\\\/?s={search_term_string}\"},\"query-input\":{\"@type\":\"PropertyValueSpecification\",\"valueRequired\":true,\"valueName\":\"search_term_string\"}}],\"inLanguage\":\"es\"},{\"@type\":\"Organization\",\"@id\":\"https:\\\/\\\/www.vit2go.net\\\/es\\\/#organization\",\"name\":\"vit2go\",\"url\":\"https:\\\/\\\/www.vit2go.net\\\/es\\\/\",\"logo\":{\"@type\":\"ImageObject\",\"inLanguage\":\"es\",\"@id\":\"https:\\\/\\\/www.vit2go.net\\\/es\\\/#\\\/schema\\\/logo\\\/image\\\/\",\"url\":\"https:\\\/\\\/www.vit2go.net\\\/wp-content\\\/uploads\\\/2017\\\/03\\\/Logo-red_700.jpg\",\"contentUrl\":\"https:\\\/\\\/www.vit2go.net\\\/wp-content\\\/uploads\\\/2017\\\/03\\\/Logo-red_700.jpg\",\"width\":700,\"height\":292,\"caption\":\"vit2go\"},\"image\":{\"@id\":\"https:\\\/\\\/www.vit2go.net\\\/es\\\/#\\\/schema\\\/logo\\\/image\\\/\"}}]}<\/script>\n<!-- \/ Yoast SEO plugin. -->","yoast_head_json":{"title":"The PRO Kit  1 x ENERGY + 1 x IMMUNITY + 1 x DRINK RECOVERY 30-sobres  - Vit2go Online Shop","robots":{"index":"index","follow":"follow","max-snippet":"max-snippet:-1","max-image-preview":"max-image-preview:large","max-video-preview":"max-video-preview:-1"},"canonical":"https:\/\/www.vit2go.net\/es\/shop\/the-pro-kit\/","og_locale":"es_ES","og_type":"article","og_title":"The PRO Kit  1 x ENERGY + 1 x IMMUNITY + 1 x DRINK RECOVERY 30-sobres  - Vit2go Online Shop","og_description":"Fortalece y apoya el propio sistema inmunol\u00f3gico del cuerpo  Poderosa combinaci\u00f3n de ingredientes activos para una m\u00e1xima energ\u00eda y concentraci\u00f3n  Electrolitos esenciales para una rehidrataci\u00f3n \u00f3ptima  Para una ma\u00f1ana fresca despu\u00e9s de una fiesta  100% vegano","og_url":"https:\/\/www.vit2go.net\/es\/shop\/the-pro-kit\/","og_site_name":"Vit2go Online Shop","article_modified_time":"2024-08-07T07:34:14+00:00","og_image":[{"width":1080,"height":1350,"url":"https:\/\/www.vit2go.net\/wp-content\/uploads\/2024\/02\/1-6.png","type":"image\/png"}],"twitter_card":"summary_large_image","twitter_misc":{"Tiempo de lectura":"1 minuto"},"schema":{"@context":"https:\/\/schema.org","@graph":[{"@type":"WebPage","@id":"https:\/\/www.vit2go.net\/es\/shop\/the-pro-kit\/","url":"https:\/\/www.vit2go.net\/es\/shop\/the-pro-kit\/","name":"The PRO Kit 1 x ENERGY + 1 x IMMUNITY + 1 x DRINK RECOVERY 30-sobres - Vit2go Online Shop","isPartOf":{"@id":"https:\/\/www.vit2go.net\/es\/#website"},"primaryImageOfPage":{"@id":"https:\/\/www.vit2go.net\/es\/shop\/the-pro-kit\/#primaryimage"},"image":{"@id":"https:\/\/www.vit2go.net\/es\/shop\/the-pro-kit\/#primaryimage"},"thumbnailUrl":"https:\/\/www.vit2go.net\/wp-content\/uploads\/2024\/02\/1-6.png","datePublished":"2016-06-01T09:24:08+00:00","dateModified":"2024-08-07T07:34:14+00:00","breadcrumb":{"@id":"https:\/\/www.vit2go.net\/es\/shop\/the-pro-kit\/#breadcrumb"},"inLanguage":"es","potentialAction":[{"@type":"ReadAction","target":["https:\/\/www.vit2go.net\/es\/shop\/the-pro-kit\/"]}]},{"@type":"ImageObject","inLanguage":"es","@id":"https:\/\/www.vit2go.net\/es\/shop\/the-pro-kit\/#primaryimage","url":"https:\/\/www.vit2go.net\/wp-content\/uploads\/2024\/02\/1-6.png","contentUrl":"https:\/\/www.vit2go.net\/wp-content\/uploads\/2024\/02\/1-6.png","width":1080,"height":1350,"caption":"The PRO Kit"},{"@type":"BreadcrumbList","@id":"https:\/\/www.vit2go.net\/es\/shop\/the-pro-kit\/#breadcrumb","itemListElement":[{"@type":"ListItem","position":1,"name":"Inicio","item":"https:\/\/www.vit2go.net\/es\/"},{"@type":"ListItem","position":2,"name":"Bundles Vit2go","item":"https:\/\/www.vit2go.net\/de\/bundles-vit2go-de\/"},{"@type":"ListItem","position":3,"name":"The PRO Kit 1 x ENERGY + 1 x IMMUNITY + 1 x DRINK RECOVERY 30-sobres"}]},{"@type":"WebSite","@id":"https:\/\/www.vit2go.net\/es\/#website","url":"https:\/\/www.vit2go.net\/es\/","name":"Vit2go Online Shop","description":"Unlimited vitality with Vit2go","publisher":{"@id":"https:\/\/www.vit2go.net\/es\/#organization"},"potentialAction":[{"@type":"SearchAction","target":{"@type":"EntryPoint","urlTemplate":"https:\/\/www.vit2go.net\/es\/?s={search_term_string}"},"query-input":{"@type":"PropertyValueSpecification","valueRequired":true,"valueName":"search_term_string"}}],"inLanguage":"es"},{"@type":"Organization","@id":"https:\/\/www.vit2go.net\/es\/#organization","name":"vit2go","url":"https:\/\/www.vit2go.net\/es\/","logo":{"@type":"ImageObject","inLanguage":"es","@id":"https:\/\/www.vit2go.net\/es\/#\/schema\/logo\/image\/","url":"https:\/\/www.vit2go.net\/wp-content\/uploads\/2017\/03\/Logo-red_700.jpg","contentUrl":"https:\/\/www.vit2go.net\/wp-content\/uploads\/2017\/03\/Logo-red_700.jpg","width":700,"height":292,"caption":"vit2go"},"image":{"@id":"https:\/\/www.vit2go.net\/es\/#\/schema\/logo\/image\/"}}]}},"_links":{"self":[{"href":"https:\/\/www.vit2go.net\/es\/wp-json\/wp\/v2\/product\/51340","targetHints":{"allow":["GET"]}}],"collection":[{"href":"https:\/\/www.vit2go.net\/es\/wp-json\/wp\/v2\/product"}],"about":[{"href":"https:\/\/www.vit2go.net\/es\/wp-json\/wp\/v2\/types\/product"}],"replies":[{"embeddable":true,"href":"https:\/\/www.vit2go.net\/es\/wp-json\/wp\/v2\/comments?post=51340"}],"wp:featuredmedia":[{"embeddable":true,"href":"https:\/\/www.vit2go.net\/es\/wp-json\/wp\/v2\/media\/52799"}],"wp:attachment":[{"href":"https:\/\/www.vit2go.net\/es\/wp-json\/wp\/v2\/media?parent=51340"}],"wp:term":[{"taxonomy":"product_brand","embeddable":true,"href":"https:\/\/www.vit2go.net\/es\/wp-json\/wp\/v2\/product_brand?post=51340"},{"taxonomy":"product_cat","embeddable":true,"href":"https:\/\/www.vit2go.net\/es\/wp-json\/wp\/v2\/product_cat?post=51340"},{"taxonomy":"product_tag","embeddable":true,"href":"https:\/\/www.vit2go.net\/es\/wp-json\/wp\/v2\/product_tag?post=51340"},{"taxonomy":"woo-feed-brand","embeddable":true,"href":"https:\/\/www.vit2go.net\/es\/wp-json\/wp\/v2\/woo-feed-brand?post=51340"}],"curies":[{"name":"wp","href":"https:\/\/api.w.org\/{rel}","templated":true}]}}