{"id":34081,"date":"2018-03-15T19:48:30","date_gmt":"2018-03-15T18:48:30","guid":{"rendered":"https:\/\/www.vit2go.net\/faq\/"},"modified":"2023-12-04T12:18:33","modified_gmt":"2023-12-04T11:18:33","slug":"faq","status":"publish","type":"page","link":"https:\/\/www.vit2go.net\/es\/preguntas-frecuentes\/","title":{"rendered":"Preguntas frecuentes"},"content":{"rendered":"","protected":false},"excerpt":{"rendered":"","protected":false},"author":161,"featured_media":0,"parent":0,"menu_order":0,"comment_status":"closed","ping_status":"closed","template":"template-faq.php","meta":{"_acf_changed":false,"footnotes":""},"class_list":["post-34081","page","type-page","status-publish","hentry"],"acf":[],"yoast_head":"<!-- This site is optimized with the Yoast SEO plugin v27.3 - https:\/\/yoast.com\/product\/yoast-seo-wordpress\/ -->\n<title>Preguntas Frecuentes Vit2go<\/title>\n<meta name=\"description\" content=\"Descubre las respuestas a las preguntas m\u00e1s frecuentes sobre los suplementos vitam\u00ednicos de Vit2go. Obt\u00e9n toda la informaci\u00f3n que necesitas aqu\u00ed.\" \/>\n<meta name=\"robots\" content=\"noindex, follow\" \/>\n<meta property=\"og:locale\" content=\"es_ES\" \/>\n<meta property=\"og:type\" content=\"article\" \/>\n<meta property=\"og:title\" content=\"Preguntas Frecuentes Vit2go\" \/>\n<meta property=\"og:description\" content=\"Descubre las respuestas a las preguntas m\u00e1s frecuentes sobre los suplementos vitam\u00ednicos de Vit2go. Obt\u00e9n toda la informaci\u00f3n que necesitas aqu\u00ed.\" \/>\n<meta property=\"og:url\" content=\"https:\/\/www.vit2go.net\/es\/preguntas-frecuentes\/\" \/>\n<meta property=\"og:site_name\" content=\"Vit2go Online Shop\" \/>\n<meta property=\"article:modified_time\" content=\"2023-12-04T11:18:33+00:00\" \/>\n<meta name=\"twitter:card\" content=\"summary_large_image\" \/>\n<script type=\"application\/ld+json\" class=\"yoast-schema-graph\">{\"@context\":\"https:\\\/\\\/schema.org\",\"@graph\":[{\"@type\":\"WebPage\",\"@id\":\"https:\\\/\\\/www.vit2go.net\\\/es\\\/preguntas-frecuentes\\\/\",\"url\":\"https:\\\/\\\/www.vit2go.net\\\/es\\\/preguntas-frecuentes\\\/\",\"name\":\"Preguntas Frecuentes Vit2go\",\"isPartOf\":{\"@id\":\"https:\\\/\\\/www.vit2go.net\\\/es\\\/#website\"},\"datePublished\":\"2018-03-15T18:48:30+00:00\",\"dateModified\":\"2023-12-04T11:18:33+00:00\",\"description\":\"Descubre las respuestas a las preguntas m\u00e1s frecuentes sobre los suplementos vitam\u00ednicos de Vit2go. Obt\u00e9n toda la informaci\u00f3n que necesitas aqu\u00ed.\",\"breadcrumb\":{\"@id\":\"https:\\\/\\\/www.vit2go.net\\\/es\\\/preguntas-frecuentes\\\/#breadcrumb\"},\"inLanguage\":\"es\",\"potentialAction\":[{\"@type\":\"ReadAction\",\"target\":[\"https:\\\/\\\/www.vit2go.net\\\/es\\\/preguntas-frecuentes\\\/\"]}]},{\"@type\":\"BreadcrumbList\",\"@id\":\"https:\\\/\\\/www.vit2go.net\\\/es\\\/preguntas-frecuentes\\\/#breadcrumb\",\"itemListElement\":[{\"@type\":\"ListItem\",\"position\":1,\"name\":\"Inicio\",\"item\":\"https:\\\/\\\/www.vit2go.net\\\/es\\\/\"},{\"@type\":\"ListItem\",\"position\":2,\"name\":\"Preguntas frecuentes\"}]},{\"@type\":\"WebSite\",\"@id\":\"https:\\\/\\\/www.vit2go.net\\\/es\\\/#website\",\"url\":\"https:\\\/\\\/www.vit2go.net\\\/es\\\/\",\"name\":\"Vit2go Online Shop\",\"description\":\"Unlimited vitality with Vit2go\",\"publisher\":{\"@id\":\"https:\\\/\\\/www.vit2go.net\\\/es\\\/#organization\"},\"potentialAction\":[{\"@type\":\"SearchAction\",\"target\":{\"@type\":\"EntryPoint\",\"urlTemplate\":\"https:\\\/\\\/www.vit2go.net\\\/es\\\/?s={search_term_string}\"},\"query-input\":{\"@type\":\"PropertyValueSpecification\",\"valueRequired\":true,\"valueName\":\"search_term_string\"}}],\"inLanguage\":\"es\"},{\"@type\":\"Organization\",\"@id\":\"https:\\\/\\\/www.vit2go.net\\\/es\\\/#organization\",\"name\":\"vit2go\",\"url\":\"https:\\\/\\\/www.vit2go.net\\\/es\\\/\",\"logo\":{\"@type\":\"ImageObject\",\"inLanguage\":\"es\",\"@id\":\"https:\\\/\\\/www.vit2go.net\\\/es\\\/#\\\/schema\\\/logo\\\/image\\\/\",\"url\":\"https:\\\/\\\/www.vit2go.net\\\/wp-content\\\/uploads\\\/2017\\\/03\\\/Logo-red_700.jpg\",\"contentUrl\":\"https:\\\/\\\/www.vit2go.net\\\/wp-content\\\/uploads\\\/2017\\\/03\\\/Logo-red_700.jpg\",\"width\":700,\"height\":292,\"caption\":\"vit2go\"},\"image\":{\"@id\":\"https:\\\/\\\/www.vit2go.net\\\/es\\\/#\\\/schema\\\/logo\\\/image\\\/\"}}]}<\/script>\n<!-- \/ Yoast SEO plugin. -->","yoast_head_json":{"title":"Preguntas Frecuentes Vit2go","description":"Descubre las respuestas a las preguntas m\u00e1s frecuentes sobre los suplementos vitam\u00ednicos de Vit2go. Obt\u00e9n toda la informaci\u00f3n que necesitas aqu\u00ed.","robots":{"index":"noindex","follow":"follow"},"og_locale":"es_ES","og_type":"article","og_title":"Preguntas Frecuentes Vit2go","og_description":"Descubre las respuestas a las preguntas m\u00e1s frecuentes sobre los suplementos vitam\u00ednicos de Vit2go. Obt\u00e9n toda la informaci\u00f3n que necesitas aqu\u00ed.","og_url":"https:\/\/www.vit2go.net\/es\/preguntas-frecuentes\/","og_site_name":"Vit2go Online Shop","article_modified_time":"2023-12-04T11:18:33+00:00","twitter_card":"summary_large_image","schema":{"@context":"https:\/\/schema.org","@graph":[{"@type":"WebPage","@id":"https:\/\/www.vit2go.net\/es\/preguntas-frecuentes\/","url":"https:\/\/www.vit2go.net\/es\/preguntas-frecuentes\/","name":"Preguntas Frecuentes Vit2go","isPartOf":{"@id":"https:\/\/www.vit2go.net\/es\/#website"},"datePublished":"2018-03-15T18:48:30+00:00","dateModified":"2023-12-04T11:18:33+00:00","description":"Descubre las respuestas a las preguntas m\u00e1s frecuentes sobre los suplementos vitam\u00ednicos de Vit2go. Obt\u00e9n toda la informaci\u00f3n que necesitas aqu\u00ed.","breadcrumb":{"@id":"https:\/\/www.vit2go.net\/es\/preguntas-frecuentes\/#breadcrumb"},"inLanguage":"es","potentialAction":[{"@type":"ReadAction","target":["https:\/\/www.vit2go.net\/es\/preguntas-frecuentes\/"]}]},{"@type":"BreadcrumbList","@id":"https:\/\/www.vit2go.net\/es\/preguntas-frecuentes\/#breadcrumb","itemListElement":[{"@type":"ListItem","position":1,"name":"Inicio","item":"https:\/\/www.vit2go.net\/es\/"},{"@type":"ListItem","position":2,"name":"Preguntas frecuentes"}]},{"@type":"WebSite","@id":"https:\/\/www.vit2go.net\/es\/#website","url":"https:\/\/www.vit2go.net\/es\/","name":"Vit2go Online Shop","description":"Unlimited vitality with Vit2go","publisher":{"@id":"https:\/\/www.vit2go.net\/es\/#organization"},"potentialAction":[{"@type":"SearchAction","target":{"@type":"EntryPoint","urlTemplate":"https:\/\/www.vit2go.net\/es\/?s={search_term_string}"},"query-input":{"@type":"PropertyValueSpecification","valueRequired":true,"valueName":"search_term_string"}}],"inLanguage":"es"},{"@type":"Organization","@id":"https:\/\/www.vit2go.net\/es\/#organization","name":"vit2go","url":"https:\/\/www.vit2go.net\/es\/","logo":{"@type":"ImageObject","inLanguage":"es","@id":"https:\/\/www.vit2go.net\/es\/#\/schema\/logo\/image\/","url":"https:\/\/www.vit2go.net\/wp-content\/uploads\/2017\/03\/Logo-red_700.jpg","contentUrl":"https:\/\/www.vit2go.net\/wp-content\/uploads\/2017\/03\/Logo-red_700.jpg","width":700,"height":292,"caption":"vit2go"},"image":{"@id":"https:\/\/www.vit2go.net\/es\/#\/schema\/logo\/image\/"}}]}},"_links":{"self":[{"href":"https:\/\/www.vit2go.net\/es\/wp-json\/wp\/v2\/pages\/34081","targetHints":{"allow":["GET"]}}],"collection":[{"href":"https:\/\/www.vit2go.net\/es\/wp-json\/wp\/v2\/pages"}],"about":[{"href":"https:\/\/www.vit2go.net\/es\/wp-json\/wp\/v2\/types\/page"}],"author":[{"embeddable":true,"href":"https:\/\/www.vit2go.net\/es\/wp-json\/wp\/v2\/users\/161"}],"replies":[{"embeddable":true,"href":"https:\/\/www.vit2go.net\/es\/wp-json\/wp\/v2\/comments?post=34081"}],"version-history":[{"count":7,"href":"https:\/\/www.vit2go.net\/es\/wp-json\/wp\/v2\/pages\/34081\/revisions"}],"predecessor-version":[{"id":50721,"href":"https:\/\/www.vit2go.net\/es\/wp-json\/wp\/v2\/pages\/34081\/revisions\/50721"}],"wp:attachment":[{"href":"https:\/\/www.vit2go.net\/es\/wp-json\/wp\/v2\/media?parent=34081"}],"curies":[{"name":"wp","href":"https:\/\/api.w.org\/{rel}","templated":true}]}}