{"id":7979,"date":"2017-11-28T18:49:09","date_gmt":"2017-11-28T17:49:09","guid":{"rendered":"https:\/\/www.vit2go.net\/?page_id=7979"},"modified":"2025-09-18T13:15:08","modified_gmt":"2025-09-18T11:15:08","slug":"impressum","status":"publish","type":"page","link":"https:\/\/www.vit2go.net\/de\/impressum\/","title":{"rendered":"Impressum"},"content":{"rendered":"<div>Alle Vit2go Produkte werden\u00a0in <strong>Deutschland<\/strong>\u00a0entwickelt, hergestellt und gelagert. Die Produktion erfolgt unter Ber\u00fccksichtigung h\u00f6chster Sicherheitsstandards und Qualit\u00e4tsrichtlinien (IFS- &amp; GMP-zertifiziert) und wird von einen f\u00fchrenden NEM-Hersteller durchgef\u00fchrt. Die verwendeten Inhaltsstoffe werden kontinuierlich nach allen relevanten Kriterien gepr\u00fcft und stetig optimiert.<\/div>\n<p>&nbsp;<\/p>\n<div>Die Marke Vit2go wird vertrieben durch:<\/div>\n<p>&nbsp;<\/p>\n<div>\n<div><strong>MAD Ventura S.L.<\/strong><br \/>\nCalle de Ferraz, 28, Local<br \/>\nLa Guarida Creativa Debod<br \/>\n28008 Madrid<br \/>\nSpanien<\/div>\n<p>&nbsp;<\/p>\n<p><strong>Steuernummer:<\/strong>\u00a0ESB87476511 (nach \u00a7 27a des Umsatzsteuergesetzes)<\/p>\n<p><strong>Telefon:<\/strong> +34 917 945672<br \/>\n<strong>Email:<\/strong> <a href=\"mailto:info@vit2go.net\">Hier<\/a><\/p>\n<p><strong>Vertreten durch:<\/strong>\u00a0Joschka Kupich<\/p>\n<p>Eintragung ins Handelsregister von Madrid, Band 181, 20.01.2016.<\/p>\n<\/div>\n","protected":false},"excerpt":{"rendered":"<p>Alle Vit2go Produkte werden\u00a0in Deutschland\u00a0entwickelt, hergestellt und gelagert. Die Produktion erfolgt unter Ber\u00fccksichtigung h\u00f6chster Sicherheitsstandards und Qualit\u00e4tsrichtlinien (IFS- &amp; GMP-zertifiziert)&#8230;<\/p>\n","protected":false},"author":1,"featured_media":0,"parent":0,"menu_order":0,"comment_status":"closed","ping_status":"closed","template":"","meta":{"_acf_changed":false,"footnotes":""},"class_list":["post-7979","page","type-page","status-publish","hentry"],"acf":[],"yoast_head":"<!-- This site is optimized with the Yoast SEO plugin v27.3 - https:\/\/yoast.com\/product\/yoast-seo-wordpress\/ -->\n<title>Impressum: Nahrungserg\u00e4nzungsmittel aus deutscher Herstellung<\/title>\n<meta name=\"description\" content=\"Entdecke Vit2go&#039;s deutsche Qualit\u00e4tsprodukte. Sicherheit, Qualit\u00e4t und Wohlbefinden stehen im Mittelpunkt unseres Engagements.\" \/>\n<meta name=\"robots\" content=\"noindex, follow\" \/>\n<meta property=\"og:locale\" content=\"de_DE\" \/>\n<meta property=\"og:type\" content=\"article\" \/>\n<meta property=\"og:title\" content=\"Impressum: Nahrungserg\u00e4nzungsmittel aus deutscher Herstellung\" \/>\n<meta property=\"og:description\" content=\"Entdecke Vit2go&#039;s deutsche Qualit\u00e4tsprodukte. Sicherheit, Qualit\u00e4t und Wohlbefinden stehen im Mittelpunkt unseres Engagements.\" \/>\n<meta property=\"og:url\" content=\"https:\/\/www.vit2go.net\/de\/impressum\/\" \/>\n<meta property=\"og:site_name\" content=\"Vit2go Online Shop\" \/>\n<meta property=\"article:modified_time\" content=\"2025-09-18T11:15:08+00:00\" \/>\n<meta name=\"twitter:card\" content=\"summary_large_image\" \/>\n<meta name=\"twitter:label1\" content=\"Gesch\u00e4tzte Lesezeit\" \/>\n\t<meta name=\"twitter:data1\" content=\"1\u00a0Minute\" \/>\n<script type=\"application\/ld+json\" class=\"yoast-schema-graph\">{\"@context\":\"https:\\\/\\\/schema.org\",\"@graph\":[{\"@type\":\"WebPage\",\"@id\":\"https:\\\/\\\/www.vit2go.net\\\/de\\\/impressum\\\/\",\"url\":\"https:\\\/\\\/www.vit2go.net\\\/de\\\/impressum\\\/\",\"name\":\"Impressum: Nahrungserg\u00e4nzungsmittel aus deutscher Herstellung\",\"isPartOf\":{\"@id\":\"https:\\\/\\\/www.vit2go.net\\\/de\\\/#website\"},\"datePublished\":\"2017-11-28T17:49:09+00:00\",\"dateModified\":\"2025-09-18T11:15:08+00:00\",\"description\":\"Entdecke Vit2go's deutsche Qualit\u00e4tsprodukte. Sicherheit, Qualit\u00e4t und Wohlbefinden stehen im Mittelpunkt unseres Engagements.\",\"breadcrumb\":{\"@id\":\"https:\\\/\\\/www.vit2go.net\\\/de\\\/impressum\\\/#breadcrumb\"},\"inLanguage\":\"de\",\"potentialAction\":[{\"@type\":\"ReadAction\",\"target\":[\"https:\\\/\\\/www.vit2go.net\\\/de\\\/impressum\\\/\"]}]},{\"@type\":\"BreadcrumbList\",\"@id\":\"https:\\\/\\\/www.vit2go.net\\\/de\\\/impressum\\\/#breadcrumb\",\"itemListElement\":[{\"@type\":\"ListItem\",\"position\":1,\"name\":\"Home\",\"item\":\"https:\\\/\\\/www.vit2go.net\\\/de\\\/\"},{\"@type\":\"ListItem\",\"position\":2,\"name\":\"Impressum\"}]},{\"@type\":\"WebSite\",\"@id\":\"https:\\\/\\\/www.vit2go.net\\\/de\\\/#website\",\"url\":\"https:\\\/\\\/www.vit2go.net\\\/de\\\/\",\"name\":\"Vit2go Online Shop\",\"description\":\"FAQs  - H\u00e4ufig gestellte Fragen \u00fcber unsere Produkte\",\"publisher\":{\"@id\":\"https:\\\/\\\/www.vit2go.net\\\/de\\\/#organization\"},\"potentialAction\":[{\"@type\":\"SearchAction\",\"target\":{\"@type\":\"EntryPoint\",\"urlTemplate\":\"https:\\\/\\\/www.vit2go.net\\\/de\\\/?s={search_term_string}\"},\"query-input\":{\"@type\":\"PropertyValueSpecification\",\"valueRequired\":true,\"valueName\":\"search_term_string\"}}],\"inLanguage\":\"de\"},{\"@type\":\"Organization\",\"@id\":\"https:\\\/\\\/www.vit2go.net\\\/de\\\/#organization\",\"name\":\"vit2go\",\"url\":\"https:\\\/\\\/www.vit2go.net\\\/de\\\/\",\"logo\":{\"@type\":\"ImageObject\",\"inLanguage\":\"de\",\"@id\":\"https:\\\/\\\/www.vit2go.net\\\/de\\\/#\\\/schema\\\/logo\\\/image\\\/\",\"url\":\"https:\\\/\\\/www.vit2go.net\\\/wp-content\\\/uploads\\\/2017\\\/03\\\/Logo-red_700.jpg\",\"contentUrl\":\"https:\\\/\\\/www.vit2go.net\\\/wp-content\\\/uploads\\\/2017\\\/03\\\/Logo-red_700.jpg\",\"width\":700,\"height\":292,\"caption\":\"vit2go\"},\"image\":{\"@id\":\"https:\\\/\\\/www.vit2go.net\\\/de\\\/#\\\/schema\\\/logo\\\/image\\\/\"}}]}<\/script>\n<!-- \/ Yoast SEO plugin. -->","yoast_head_json":{"title":"Impressum: Nahrungserg\u00e4nzungsmittel aus deutscher Herstellung","description":"Entdecke Vit2go's deutsche Qualit\u00e4tsprodukte. Sicherheit, Qualit\u00e4t und Wohlbefinden stehen im Mittelpunkt unseres Engagements.","robots":{"index":"noindex","follow":"follow"},"og_locale":"de_DE","og_type":"article","og_title":"Impressum: Nahrungserg\u00e4nzungsmittel aus deutscher Herstellung","og_description":"Entdecke Vit2go's deutsche Qualit\u00e4tsprodukte. Sicherheit, Qualit\u00e4t und Wohlbefinden stehen im Mittelpunkt unseres Engagements.","og_url":"https:\/\/www.vit2go.net\/de\/impressum\/","og_site_name":"Vit2go Online Shop","article_modified_time":"2025-09-18T11:15:08+00:00","twitter_card":"summary_large_image","twitter_misc":{"Gesch\u00e4tzte Lesezeit":"1\u00a0Minute"},"schema":{"@context":"https:\/\/schema.org","@graph":[{"@type":"WebPage","@id":"https:\/\/www.vit2go.net\/de\/impressum\/","url":"https:\/\/www.vit2go.net\/de\/impressum\/","name":"Impressum: Nahrungserg\u00e4nzungsmittel aus deutscher Herstellung","isPartOf":{"@id":"https:\/\/www.vit2go.net\/de\/#website"},"datePublished":"2017-11-28T17:49:09+00:00","dateModified":"2025-09-18T11:15:08+00:00","description":"Entdecke Vit2go's deutsche Qualit\u00e4tsprodukte. Sicherheit, Qualit\u00e4t und Wohlbefinden stehen im Mittelpunkt unseres Engagements.","breadcrumb":{"@id":"https:\/\/www.vit2go.net\/de\/impressum\/#breadcrumb"},"inLanguage":"de","potentialAction":[{"@type":"ReadAction","target":["https:\/\/www.vit2go.net\/de\/impressum\/"]}]},{"@type":"BreadcrumbList","@id":"https:\/\/www.vit2go.net\/de\/impressum\/#breadcrumb","itemListElement":[{"@type":"ListItem","position":1,"name":"Home","item":"https:\/\/www.vit2go.net\/de\/"},{"@type":"ListItem","position":2,"name":"Impressum"}]},{"@type":"WebSite","@id":"https:\/\/www.vit2go.net\/de\/#website","url":"https:\/\/www.vit2go.net\/de\/","name":"Vit2go Online Shop","description":"FAQs  - H\u00e4ufig gestellte Fragen \u00fcber unsere Produkte","publisher":{"@id":"https:\/\/www.vit2go.net\/de\/#organization"},"potentialAction":[{"@type":"SearchAction","target":{"@type":"EntryPoint","urlTemplate":"https:\/\/www.vit2go.net\/de\/?s={search_term_string}"},"query-input":{"@type":"PropertyValueSpecification","valueRequired":true,"valueName":"search_term_string"}}],"inLanguage":"de"},{"@type":"Organization","@id":"https:\/\/www.vit2go.net\/de\/#organization","name":"vit2go","url":"https:\/\/www.vit2go.net\/de\/","logo":{"@type":"ImageObject","inLanguage":"de","@id":"https:\/\/www.vit2go.net\/de\/#\/schema\/logo\/image\/","url":"https:\/\/www.vit2go.net\/wp-content\/uploads\/2017\/03\/Logo-red_700.jpg","contentUrl":"https:\/\/www.vit2go.net\/wp-content\/uploads\/2017\/03\/Logo-red_700.jpg","width":700,"height":292,"caption":"vit2go"},"image":{"@id":"https:\/\/www.vit2go.net\/de\/#\/schema\/logo\/image\/"}}]}},"_links":{"self":[{"href":"https:\/\/www.vit2go.net\/de\/wp-json\/wp\/v2\/pages\/7979","targetHints":{"allow":["GET"]}}],"collection":[{"href":"https:\/\/www.vit2go.net\/de\/wp-json\/wp\/v2\/pages"}],"about":[{"href":"https:\/\/www.vit2go.net\/de\/wp-json\/wp\/v2\/types\/page"}],"author":[{"embeddable":true,"href":"https:\/\/www.vit2go.net\/de\/wp-json\/wp\/v2\/users\/1"}],"replies":[{"embeddable":true,"href":"https:\/\/www.vit2go.net\/de\/wp-json\/wp\/v2\/comments?post=7979"}],"version-history":[{"count":11,"href":"https:\/\/www.vit2go.net\/de\/wp-json\/wp\/v2\/pages\/7979\/revisions"}],"predecessor-version":[{"id":62839,"href":"https:\/\/www.vit2go.net\/de\/wp-json\/wp\/v2\/pages\/7979\/revisions\/62839"}],"wp:attachment":[{"href":"https:\/\/www.vit2go.net\/de\/wp-json\/wp\/v2\/media?parent=7979"}],"curies":[{"name":"wp","href":"https:\/\/api.w.org\/{rel}","templated":true}]}}