{"id":4328,"date":"2016-07-31T19:48:18","date_gmt":"2016-07-31T17:48:18","guid":{"rendered":"http:\/\/www.vit2go.net\/de\/?page_id=4328"},"modified":"2023-12-20T20:09:55","modified_gmt":"2023-12-20T19:09:55","slug":"natural-energy-booster","status":"publish","type":"page","link":"https:\/\/www.vit2go.net\/de\/energy\/","title":{"rendered":"ENERGY"},"content":{"rendered":"<p>[vc_row][vc_column][vc_column_text]<strong><img fetchpriority=\"high\" decoding=\"async\" class=\"alignright size-medium wp-image-20411\" src=\"https:\/\/www.vit2go.net\/wp-content\/uploads\/imported\/Variation-DE_EN_30-of-Vit2Go-Energy-8211-Power-Energy-Drink-mit-Koffein-124-mg-Guarana-und-Taurin-Energiedrink-Pu-B081285GKW-20410-300x300.jpg\" alt=\"\" width=\"300\" height=\"300\" srcset=\"https:\/\/www.vit2go.net\/wp-content\/uploads\/imported\/Variation-DE_EN_30-of-Vit2Go-Energy-8211-Power-Energy-Drink-mit-Koffein-124-mg-Guarana-und-Taurin-Energiedrink-Pu-B081285GKW-20410-300x300.jpg 300w, https:\/\/www.vit2go.net\/wp-content\/uploads\/imported\/Variation-DE_EN_30-of-Vit2Go-Energy-8211-Power-Energy-Drink-mit-Koffein-124-mg-Guarana-und-Taurin-Energiedrink-Pu-B081285GKW-20410-600x600.jpg 600w, https:\/\/www.vit2go.net\/wp-content\/uploads\/imported\/Variation-DE_EN_30-of-Vit2Go-Energy-8211-Power-Energy-Drink-mit-Koffein-124-mg-Guarana-und-Taurin-Energiedrink-Pu-B081285GKW-20410-768x768.jpg 768w, https:\/\/www.vit2go.net\/wp-content\/uploads\/imported\/Variation-DE_EN_30-of-Vit2Go-Energy-8211-Power-Energy-Drink-mit-Koffein-124-mg-Guarana-und-Taurin-Energiedrink-Pu-B081285GKW-20410-96x96.jpg 96w, https:\/\/www.vit2go.net\/wp-content\/uploads\/imported\/Variation-DE_EN_30-of-Vit2Go-Energy-8211-Power-Energy-Drink-mit-Koffein-124-mg-Guarana-und-Taurin-Energiedrink-Pu-B081285GKW-20410-42x42.jpg 42w, https:\/\/www.vit2go.net\/wp-content\/uploads\/imported\/Variation-DE_EN_30-of-Vit2Go-Energy-8211-Power-Energy-Drink-mit-Koffein-124-mg-Guarana-und-Taurin-Energiedrink-Pu-B081285GKW-20410-60x60.jpg 60w, https:\/\/www.vit2go.net\/wp-content\/uploads\/imported\/Variation-DE_EN_30-of-Vit2Go-Energy-8211-Power-Energy-Drink-mit-Koffein-124-mg-Guarana-und-Taurin-Energiedrink-Pu-B081285GKW-20410-900x900.jpg 900w, https:\/\/www.vit2go.net\/wp-content\/uploads\/imported\/Variation-DE_EN_30-of-Vit2Go-Energy-8211-Power-Energy-Drink-mit-Koffein-124-mg-Guarana-und-Taurin-Energiedrink-Pu-B081285GKW-20410-500x500.jpg 500w, https:\/\/www.vit2go.net\/wp-content\/uploads\/imported\/Variation-DE_EN_30-of-Vit2Go-Energy-8211-Power-Energy-Drink-mit-Koffein-124-mg-Guarana-und-Taurin-Energiedrink-Pu-B081285GKW-20410-400x400.jpg 400w, https:\/\/www.vit2go.net\/wp-content\/uploads\/imported\/Variation-DE_EN_30-of-Vit2Go-Energy-8211-Power-Energy-Drink-mit-Koffein-124-mg-Guarana-und-Taurin-Energiedrink-Pu-B081285GKW-20410-200x200.jpg 200w, https:\/\/www.vit2go.net\/wp-content\/uploads\/imported\/Variation-DE_EN_30-of-Vit2Go-Energy-8211-Power-Energy-Drink-mit-Koffein-124-mg-Guarana-und-Taurin-Energiedrink-Pu-B081285GKW-20410-100x100.jpg 100w, https:\/\/www.vit2go.net\/wp-content\/uploads\/imported\/Variation-DE_EN_30-of-Vit2Go-Energy-8211-Power-Energy-Drink-mit-Koffein-124-mg-Guarana-und-Taurin-Energiedrink-Pu-B081285GKW-20410-655x655.jpg 655w, https:\/\/www.vit2go.net\/wp-content\/uploads\/imported\/Variation-DE_EN_30-of-Vit2Go-Energy-8211-Power-Energy-Drink-mit-Koffein-124-mg-Guarana-und-Taurin-Energiedrink-Pu-B081285GKW-20410-90x90.jpg 90w, https:\/\/www.vit2go.net\/wp-content\/uploads\/imported\/Variation-DE_EN_30-of-Vit2Go-Energy-8211-Power-Energy-Drink-mit-Koffein-124-mg-Guarana-und-Taurin-Energiedrink-Pu-B081285GKW-20410.jpg 1500w\" sizes=\"(max-width: 300px) 100vw, 300px\" \/>Wer kennt das nicht:<\/strong> Wir versuchen gerade wieder einmal die Welt vor ihrem sicheren Untergang zu retten und pl\u00f6tzlich schl\u00e4gt uns wie aus dem Nichts die Ersch\u00f6pfung nieder.<\/p>\n<p>Der <span class=\"welcometext\"><span style=\"color: #64a92a;\"><strong>ENERGY<\/strong><\/span><\/span> ist pure Energie auf kleinstem Raum! F\u00fcr alle die mal eine Auszeit von Kaffee oder \u00fcbers\u00fc\u00dften Energiedrinks brauchen, aber dennoch die M\u00fcdigkeit des Alltag bek\u00e4mpfen wollen, ist dieses Produkt die perfekte L\u00f6sung. Dabei handelt es sich um einen nat\u00fcrlichen Energielieferanten der Aminos\u00e4uren, Guarana Extrakt und insgesamt stolze 124mg Koffein enth\u00e4lt! Da dieser Wert mit einem <strong>extra-gro\u00dfen Kaffee <\/strong>vergleichbar ist, solltest du ENERGY mit Vorsicht genie\u00dfen. Zus\u00e4tzlich beinhaltet er viele belebende und gesundheitsf\u00f6rdernde Vitamine und Mineralstoffe, die dir helfen, fit und gesund zu bleiben. Durch den fruchtig-frischen Geschmack von Limetten und Ingwer ist dieser Power-Drink allein mit kaltem Wasser schon \u00e4u\u00dferst geschmackvoll und erfrischend. Deiner Kreativit\u00e4t sind beim Mixen aber keine Grenzen gesetzt, denn nahezu jedes Getr\u00e4nk kann hiermit geboostet werden:<\/p>\n<p><strong>\u00a0<\/strong>[\/vc_column_text][porto_product_category per_page=&#8220;12&#8243; category=&#8220;energy&#8220;][\/vc_column][\/vc_row]<\/p>\n","protected":false},"excerpt":{"rendered":"<p>[vc_row][vc_column][vc_column_text]Wer kennt das nicht: Wir versuchen gerade wieder einmal die Welt vor ihrem sicheren Untergang zu retten und pl\u00f6tzlich schl\u00e4gt&#8230;<\/p>\n","protected":false},"author":1,"featured_media":0,"parent":0,"menu_order":0,"comment_status":"closed","ping_status":"closed","template":"template-product.php","meta":{"_acf_changed":false,"footnotes":""},"class_list":["post-4328","page","type-page","status-publish","hentry"],"acf":[],"yoast_head":"<!-- This site is optimized with the Yoast SEO plugin v27.3 - https:\/\/yoast.com\/product\/yoast-seo-wordpress\/ -->\n<title>Power Up mit Vit2go ENERGY: Mehr Fokus und Power im Alltag<\/title>\n<meta name=\"description\" content=\"Energie steigern mit Vit2go: F\u00fcr mehr Konzentration und Leistungsf\u00e4higkeit. Mit Guarana, Taurin, Ginseng, Koffein. Ideal f\u00fcr Arbeit, Training, Studium.\" \/>\n<meta name=\"robots\" content=\"index, follow, max-snippet:-1, max-image-preview:large, max-video-preview:-1\" \/>\n<link rel=\"canonical\" href=\"https:\/\/www.vit2go.net\/de\/energy\/\" \/>\n<meta property=\"og:locale\" content=\"de_DE\" \/>\n<meta property=\"og:type\" content=\"article\" \/>\n<meta property=\"og:title\" content=\"Power Up mit Vit2go ENERGY: Mehr Fokus und Power im Alltag\" \/>\n<meta property=\"og:description\" content=\"Energie steigern mit Vit2go: F\u00fcr mehr Konzentration und Leistungsf\u00e4higkeit. Mit Guarana, Taurin, Ginseng, Koffein. Ideal f\u00fcr Arbeit, Training, Studium.\" \/>\n<meta property=\"og:url\" content=\"https:\/\/www.vit2go.net\/de\/energy\/\" \/>\n<meta property=\"og:site_name\" content=\"Vit2go Online Shop\" \/>\n<meta property=\"article:modified_time\" content=\"2023-12-20T19:09:55+00:00\" \/>\n<meta property=\"og:image\" content=\"https:\/\/www.vit2go.net\/wp-content\/uploads\/imported\/Variation-DE_EN_30-of-Vit2Go-Energy-8211-Power-Energy-Drink-mit-Koffein-124-mg-Guarana-und-Taurin-Energiedrink-Pu-B081285GKW-20410-300x300.jpg\" \/>\n<meta name=\"twitter:card\" content=\"summary_large_image\" \/>\n<meta name=\"twitter:label1\" content=\"Gesch\u00e4tzte Lesezeit\" \/>\n\t<meta name=\"twitter:data1\" content=\"2\u00a0Minuten\" \/>\n<script type=\"application\/ld+json\" class=\"yoast-schema-graph\">{\"@context\":\"https:\\\/\\\/schema.org\",\"@graph\":[{\"@type\":\"WebPage\",\"@id\":\"https:\\\/\\\/www.vit2go.net\\\/de\\\/energy\\\/\",\"url\":\"https:\\\/\\\/www.vit2go.net\\\/de\\\/energy\\\/\",\"name\":\"Power Up mit Vit2go ENERGY: Mehr Fokus und Power im Alltag\",\"isPartOf\":{\"@id\":\"https:\\\/\\\/www.vit2go.net\\\/de\\\/#website\"},\"primaryImageOfPage\":{\"@id\":\"https:\\\/\\\/www.vit2go.net\\\/de\\\/energy\\\/#primaryimage\"},\"image\":{\"@id\":\"https:\\\/\\\/www.vit2go.net\\\/de\\\/energy\\\/#primaryimage\"},\"thumbnailUrl\":\"https:\\\/\\\/www.vit2go.net\\\/wp-content\\\/uploads\\\/imported\\\/Variation-DE_EN_30-of-Vit2Go-Energy-8211-Power-Energy-Drink-mit-Koffein-124-mg-Guarana-und-Taurin-Energiedrink-Pu-B081285GKW-20410-300x300.jpg\",\"datePublished\":\"2016-07-31T17:48:18+00:00\",\"dateModified\":\"2023-12-20T19:09:55+00:00\",\"description\":\"Energie steigern mit Vit2go: F\u00fcr mehr Konzentration und Leistungsf\u00e4higkeit. Mit Guarana, Taurin, Ginseng, Koffein. Ideal f\u00fcr Arbeit, Training, Studium.\",\"breadcrumb\":{\"@id\":\"https:\\\/\\\/www.vit2go.net\\\/de\\\/energy\\\/#breadcrumb\"},\"inLanguage\":\"de\",\"potentialAction\":[{\"@type\":\"ReadAction\",\"target\":[\"https:\\\/\\\/www.vit2go.net\\\/de\\\/energy\\\/\"]}]},{\"@type\":\"ImageObject\",\"inLanguage\":\"de\",\"@id\":\"https:\\\/\\\/www.vit2go.net\\\/de\\\/energy\\\/#primaryimage\",\"url\":\"https:\\\/\\\/www.vit2go.net\\\/wp-content\\\/uploads\\\/imported\\\/Variation-DE_EN_30-of-Vit2Go-Energy-8211-Power-Energy-Drink-mit-Koffein-124-mg-Guarana-und-Taurin-Energiedrink-Pu-B081285GKW-20410-300x300.jpg\",\"contentUrl\":\"https:\\\/\\\/www.vit2go.net\\\/wp-content\\\/uploads\\\/imported\\\/Variation-DE_EN_30-of-Vit2Go-Energy-8211-Power-Energy-Drink-mit-Koffein-124-mg-Guarana-und-Taurin-Energiedrink-Pu-B081285GKW-20410-300x300.jpg\"},{\"@type\":\"BreadcrumbList\",\"@id\":\"https:\\\/\\\/www.vit2go.net\\\/de\\\/energy\\\/#breadcrumb\",\"itemListElement\":[{\"@type\":\"ListItem\",\"position\":1,\"name\":\"Home\",\"item\":\"https:\\\/\\\/www.vit2go.net\\\/de\\\/\"},{\"@type\":\"ListItem\",\"position\":2,\"name\":\"ENERGY\"}]},{\"@type\":\"WebSite\",\"@id\":\"https:\\\/\\\/www.vit2go.net\\\/de\\\/#website\",\"url\":\"https:\\\/\\\/www.vit2go.net\\\/de\\\/\",\"name\":\"Vit2go Online Shop\",\"description\":\"FAQs  - H\u00e4ufig gestellte Fragen \u00fcber unsere Produkte\",\"publisher\":{\"@id\":\"https:\\\/\\\/www.vit2go.net\\\/de\\\/#organization\"},\"potentialAction\":[{\"@type\":\"SearchAction\",\"target\":{\"@type\":\"EntryPoint\",\"urlTemplate\":\"https:\\\/\\\/www.vit2go.net\\\/de\\\/?s={search_term_string}\"},\"query-input\":{\"@type\":\"PropertyValueSpecification\",\"valueRequired\":true,\"valueName\":\"search_term_string\"}}],\"inLanguage\":\"de\"},{\"@type\":\"Organization\",\"@id\":\"https:\\\/\\\/www.vit2go.net\\\/de\\\/#organization\",\"name\":\"vit2go\",\"url\":\"https:\\\/\\\/www.vit2go.net\\\/de\\\/\",\"logo\":{\"@type\":\"ImageObject\",\"inLanguage\":\"de\",\"@id\":\"https:\\\/\\\/www.vit2go.net\\\/de\\\/#\\\/schema\\\/logo\\\/image\\\/\",\"url\":\"https:\\\/\\\/www.vit2go.net\\\/wp-content\\\/uploads\\\/2017\\\/03\\\/Logo-red_700.jpg\",\"contentUrl\":\"https:\\\/\\\/www.vit2go.net\\\/wp-content\\\/uploads\\\/2017\\\/03\\\/Logo-red_700.jpg\",\"width\":700,\"height\":292,\"caption\":\"vit2go\"},\"image\":{\"@id\":\"https:\\\/\\\/www.vit2go.net\\\/de\\\/#\\\/schema\\\/logo\\\/image\\\/\"}}]}<\/script>\n<!-- \/ Yoast SEO plugin. -->","yoast_head_json":{"title":"Power Up mit Vit2go ENERGY: Mehr Fokus und Power im Alltag","description":"Energie steigern mit Vit2go: F\u00fcr mehr Konzentration und Leistungsf\u00e4higkeit. Mit Guarana, Taurin, Ginseng, Koffein. Ideal f\u00fcr Arbeit, Training, Studium.","robots":{"index":"index","follow":"follow","max-snippet":"max-snippet:-1","max-image-preview":"max-image-preview:large","max-video-preview":"max-video-preview:-1"},"canonical":"https:\/\/www.vit2go.net\/de\/energy\/","og_locale":"de_DE","og_type":"article","og_title":"Power Up mit Vit2go ENERGY: Mehr Fokus und Power im Alltag","og_description":"Energie steigern mit Vit2go: F\u00fcr mehr Konzentration und Leistungsf\u00e4higkeit. Mit Guarana, Taurin, Ginseng, Koffein. Ideal f\u00fcr Arbeit, Training, Studium.","og_url":"https:\/\/www.vit2go.net\/de\/energy\/","og_site_name":"Vit2go Online Shop","article_modified_time":"2023-12-20T19:09:55+00:00","og_image":[{"url":"https:\/\/www.vit2go.net\/wp-content\/uploads\/imported\/Variation-DE_EN_30-of-Vit2Go-Energy-8211-Power-Energy-Drink-mit-Koffein-124-mg-Guarana-und-Taurin-Energiedrink-Pu-B081285GKW-20410-300x300.jpg","type":"","width":"","height":""}],"twitter_card":"summary_large_image","twitter_misc":{"Gesch\u00e4tzte Lesezeit":"2\u00a0Minuten"},"schema":{"@context":"https:\/\/schema.org","@graph":[{"@type":"WebPage","@id":"https:\/\/www.vit2go.net\/de\/energy\/","url":"https:\/\/www.vit2go.net\/de\/energy\/","name":"Power Up mit Vit2go ENERGY: Mehr Fokus und Power im Alltag","isPartOf":{"@id":"https:\/\/www.vit2go.net\/de\/#website"},"primaryImageOfPage":{"@id":"https:\/\/www.vit2go.net\/de\/energy\/#primaryimage"},"image":{"@id":"https:\/\/www.vit2go.net\/de\/energy\/#primaryimage"},"thumbnailUrl":"https:\/\/www.vit2go.net\/wp-content\/uploads\/imported\/Variation-DE_EN_30-of-Vit2Go-Energy-8211-Power-Energy-Drink-mit-Koffein-124-mg-Guarana-und-Taurin-Energiedrink-Pu-B081285GKW-20410-300x300.jpg","datePublished":"2016-07-31T17:48:18+00:00","dateModified":"2023-12-20T19:09:55+00:00","description":"Energie steigern mit Vit2go: F\u00fcr mehr Konzentration und Leistungsf\u00e4higkeit. Mit Guarana, Taurin, Ginseng, Koffein. Ideal f\u00fcr Arbeit, Training, Studium.","breadcrumb":{"@id":"https:\/\/www.vit2go.net\/de\/energy\/#breadcrumb"},"inLanguage":"de","potentialAction":[{"@type":"ReadAction","target":["https:\/\/www.vit2go.net\/de\/energy\/"]}]},{"@type":"ImageObject","inLanguage":"de","@id":"https:\/\/www.vit2go.net\/de\/energy\/#primaryimage","url":"https:\/\/www.vit2go.net\/wp-content\/uploads\/imported\/Variation-DE_EN_30-of-Vit2Go-Energy-8211-Power-Energy-Drink-mit-Koffein-124-mg-Guarana-und-Taurin-Energiedrink-Pu-B081285GKW-20410-300x300.jpg","contentUrl":"https:\/\/www.vit2go.net\/wp-content\/uploads\/imported\/Variation-DE_EN_30-of-Vit2Go-Energy-8211-Power-Energy-Drink-mit-Koffein-124-mg-Guarana-und-Taurin-Energiedrink-Pu-B081285GKW-20410-300x300.jpg"},{"@type":"BreadcrumbList","@id":"https:\/\/www.vit2go.net\/de\/energy\/#breadcrumb","itemListElement":[{"@type":"ListItem","position":1,"name":"Home","item":"https:\/\/www.vit2go.net\/de\/"},{"@type":"ListItem","position":2,"name":"ENERGY"}]},{"@type":"WebSite","@id":"https:\/\/www.vit2go.net\/de\/#website","url":"https:\/\/www.vit2go.net\/de\/","name":"Vit2go Online Shop","description":"FAQs  - H\u00e4ufig gestellte Fragen \u00fcber unsere Produkte","publisher":{"@id":"https:\/\/www.vit2go.net\/de\/#organization"},"potentialAction":[{"@type":"SearchAction","target":{"@type":"EntryPoint","urlTemplate":"https:\/\/www.vit2go.net\/de\/?s={search_term_string}"},"query-input":{"@type":"PropertyValueSpecification","valueRequired":true,"valueName":"search_term_string"}}],"inLanguage":"de"},{"@type":"Organization","@id":"https:\/\/www.vit2go.net\/de\/#organization","name":"vit2go","url":"https:\/\/www.vit2go.net\/de\/","logo":{"@type":"ImageObject","inLanguage":"de","@id":"https:\/\/www.vit2go.net\/de\/#\/schema\/logo\/image\/","url":"https:\/\/www.vit2go.net\/wp-content\/uploads\/2017\/03\/Logo-red_700.jpg","contentUrl":"https:\/\/www.vit2go.net\/wp-content\/uploads\/2017\/03\/Logo-red_700.jpg","width":700,"height":292,"caption":"vit2go"},"image":{"@id":"https:\/\/www.vit2go.net\/de\/#\/schema\/logo\/image\/"}}]}},"_links":{"self":[{"href":"https:\/\/www.vit2go.net\/de\/wp-json\/wp\/v2\/pages\/4328","targetHints":{"allow":["GET"]}}],"collection":[{"href":"https:\/\/www.vit2go.net\/de\/wp-json\/wp\/v2\/pages"}],"about":[{"href":"https:\/\/www.vit2go.net\/de\/wp-json\/wp\/v2\/types\/page"}],"author":[{"embeddable":true,"href":"https:\/\/www.vit2go.net\/de\/wp-json\/wp\/v2\/users\/1"}],"replies":[{"embeddable":true,"href":"https:\/\/www.vit2go.net\/de\/wp-json\/wp\/v2\/comments?post=4328"}],"version-history":[{"count":19,"href":"https:\/\/www.vit2go.net\/de\/wp-json\/wp\/v2\/pages\/4328\/revisions"}],"predecessor-version":[{"id":50922,"href":"https:\/\/www.vit2go.net\/de\/wp-json\/wp\/v2\/pages\/4328\/revisions\/50922"}],"wp:attachment":[{"href":"https:\/\/www.vit2go.net\/de\/wp-json\/wp\/v2\/media?parent=4328"}],"curies":[{"name":"wp","href":"https:\/\/api.w.org\/{rel}","templated":true}]}}