{"id":4323,"date":"2016-07-31T19:38:59","date_gmt":"2016-07-31T17:38:59","guid":{"rendered":"http:\/\/vit2gostg.wpenginepowered.com\/de\/?page_id=4323"},"modified":"2025-07-29T14:39:33","modified_gmt":"2025-07-29T12:39:33","slug":"immune-system-booster","status":"publish","type":"page","link":"https:\/\/www.vit2go.net\/de\/immunity\/","title":{"rendered":"IMMUNITY"},"content":{"rendered":"<p>[vc_row][vc_column][vc_column_text]<strong><img fetchpriority=\"high\" decoding=\"async\" class=\"alignright size-medium wp-image-20398\" src=\"https:\/\/www.vit2go.net\/wp-content\/uploads\/imported\/Variation-DE_IM_30-of-Vit2Go-Immunity-8211-Immunsystem-strken-mit-Multivitaminen-und-Mineralstoffen-ua-Zink-und-B081299SNF-20397-300x238.jpg\" alt=\"\" width=\"300\" height=\"238\" srcset=\"https:\/\/www.vit2go.net\/wp-content\/uploads\/imported\/Variation-DE_IM_30-of-Vit2Go-Immunity-8211-Immunsystem-strken-mit-Multivitaminen-und-Mineralstoffen-ua-Zink-und-B081299SNF-20397-300x238.jpg 300w, https:\/\/www.vit2go.net\/wp-content\/uploads\/imported\/Variation-DE_IM_30-of-Vit2Go-Immunity-8211-Immunsystem-strken-mit-Multivitaminen-und-Mineralstoffen-ua-Zink-und-B081299SNF-20397-600x476.jpg 600w, https:\/\/www.vit2go.net\/wp-content\/uploads\/imported\/Variation-DE_IM_30-of-Vit2Go-Immunity-8211-Immunsystem-strken-mit-Multivitaminen-und-Mineralstoffen-ua-Zink-und-B081299SNF-20397-768x609.jpg 768w, https:\/\/www.vit2go.net\/wp-content\/uploads\/imported\/Variation-DE_IM_30-of-Vit2Go-Immunity-8211-Immunsystem-strken-mit-Multivitaminen-und-Mineralstoffen-ua-Zink-und-B081299SNF-20397-96x76.jpg 96w, https:\/\/www.vit2go.net\/wp-content\/uploads\/imported\/Variation-DE_IM_30-of-Vit2Go-Immunity-8211-Immunsystem-strken-mit-Multivitaminen-und-Mineralstoffen-ua-Zink-und-B081299SNF-20397-42x33.jpg 42w, https:\/\/www.vit2go.net\/wp-content\/uploads\/imported\/Variation-DE_IM_30-of-Vit2Go-Immunity-8211-Immunsystem-strken-mit-Multivitaminen-und-Mineralstoffen-ua-Zink-und-B081299SNF-20397-60x48.jpg 60w, https:\/\/www.vit2go.net\/wp-content\/uploads\/imported\/Variation-DE_IM_30-of-Vit2Go-Immunity-8211-Immunsystem-strken-mit-Multivitaminen-und-Mineralstoffen-ua-Zink-und-B081299SNF-20397-900x714.jpg 900w, https:\/\/www.vit2go.net\/wp-content\/uploads\/imported\/Variation-DE_IM_30-of-Vit2Go-Immunity-8211-Immunsystem-strken-mit-Multivitaminen-und-Mineralstoffen-ua-Zink-und-B081299SNF-20397-500x397.jpg 500w, https:\/\/www.vit2go.net\/wp-content\/uploads\/imported\/Variation-DE_IM_30-of-Vit2Go-Immunity-8211-Immunsystem-strken-mit-Multivitaminen-und-Mineralstoffen-ua-Zink-und-B081299SNF-20397-400x317.jpg 400w, https:\/\/www.vit2go.net\/wp-content\/uploads\/imported\/Variation-DE_IM_30-of-Vit2Go-Immunity-8211-Immunsystem-strken-mit-Multivitaminen-und-Mineralstoffen-ua-Zink-und-B081299SNF-20397-200x159.jpg 200w, https:\/\/www.vit2go.net\/wp-content\/uploads\/imported\/Variation-DE_IM_30-of-Vit2Go-Immunity-8211-Immunsystem-strken-mit-Multivitaminen-und-Mineralstoffen-ua-Zink-und-B081299SNF-20397-100x79.jpg 100w, https:\/\/www.vit2go.net\/wp-content\/uploads\/imported\/Variation-DE_IM_30-of-Vit2Go-Immunity-8211-Immunsystem-strken-mit-Multivitaminen-und-Mineralstoffen-ua-Zink-und-B081299SNF-20397-655x520.jpg 655w, https:\/\/www.vit2go.net\/wp-content\/uploads\/imported\/Variation-DE_IM_30-of-Vit2Go-Immunity-8211-Immunsystem-strken-mit-Multivitaminen-und-Mineralstoffen-ua-Zink-und-B081299SNF-20397-76x60.jpg 76w, https:\/\/www.vit2go.net\/wp-content\/uploads\/imported\/Variation-DE_IM_30-of-Vit2Go-Immunity-8211-Immunsystem-strken-mit-Multivitaminen-und-Mineralstoffen-ua-Zink-und-B081299SNF-20397-113x90.jpg 113w, https:\/\/www.vit2go.net\/wp-content\/uploads\/imported\/Variation-DE_IM_30-of-Vit2Go-Immunity-8211-Immunsystem-strken-mit-Multivitaminen-und-Mineralstoffen-ua-Zink-und-B081299SNF-20397.jpg 1500w\" sizes=\"(max-width: 300px) 100vw, 300px\" \/>Der menschliche K\u00f6rper ist eine Hochleistungsmaschine.<\/strong> Jeden Tag gilt es die kleinen und gro\u00dfen Herausforderungen des Lebens zu meistern, und in unserer schnelllebigen Zeit ist man dabei immer h\u00e4ufiger Stresssituationen ausgesetzt. Im Alltag hetzen wir von Termin zu Termin und nicht selten ger\u00e4t dadurch unsere Gesundheit in Vergessenheit. So lange, bis es zu sp\u00e4t ist und man sich erk\u00e4ltet eine Auszeit nehmen muss.\u00a0 Lass es nicht so weit kommen und tu deinem K\u00f6rper mal etwas Gutes!<\/p>\n<p><strong>IMMUNITY<\/strong> von Vit2go ist eine echte Vitamin-Bombe im Hosentaschenformat. Zur St\u00e4rkung des Immunsystems sind ganze 300mg Vitamin C enthalten, welches in Verbindung mit dem ebenfalls enthaltenen Mineralien-Komplex seine volle Kraft entfaltet. F\u00fcr den Aufbau oder die Regeneration eines intakten Immunsystems ben\u00f6tigt der K\u00f6rper zudem die Vitamine A, K, D und B, welche in h\u00f6chster Konzentration in diesem Gesundheitsprodukt vorkommen. Geschmacklich erinnert IMMUNITY an einen fruchtig, spritzigen Zitrusmix, der durch einen Anteil an Ingwerextrakt, den gewissen Kick bekommt. Dank des praktischen Formats l\u00e4sst sich der Drink \u00fcberall mit hinnehmen. Unser Tipp: Mixe IMMUNITY mal mit Fruchtsaft![\/vc_column_text][\/vc_column][\/vc_row][vc_row][vc_column][porto_product_category per_page=&#8220;12&#8243; category=&#8220;immunity&#8220;][\/vc_column][\/vc_row]<\/p>\n","protected":false},"excerpt":{"rendered":"<p>[vc_row][vc_column][vc_column_text]Der menschliche K\u00f6rper ist eine Hochleistungsmaschine. Jeden Tag gilt es die kleinen und gro\u00dfen Herausforderungen des Lebens zu meistern, und&#8230;<\/p>\n","protected":false},"author":1,"featured_media":0,"parent":0,"menu_order":0,"comment_status":"closed","ping_status":"closed","template":"template-product.php","meta":{"_acf_changed":false,"footnotes":""},"class_list":["post-4323","page","type-page","status-publish","hentry"],"acf":[],"yoast_head":"<!-- This site is optimized with the Yoast SEO plugin v27.5 - https:\/\/yoast.com\/product\/yoast-seo-wordpress\/ -->\n<title>Immunsystem st\u00e4rken: Gegen Erk\u00e4ltungen, Viren, und Bakterien<\/title>\n<meta name=\"description\" content=\"St\u00e4rke dein Immunsystem und bek\u00e4mpfe Erk\u00e4ltungen und Viren mit Vit2go IMMUNITY: F\u00fcr t\u00e4gliche Gesundheit &amp; Vitalit\u00e4t mit Vitamin C, Zink, Ingwer, &amp; Calcium.\" \/>\n<meta name=\"robots\" content=\"index, follow, max-snippet:-1, max-image-preview:large, max-video-preview:-1\" \/>\n<link rel=\"canonical\" href=\"https:\/\/www.vit2go.net\/de\/immunity\/\" \/>\n<meta property=\"og:locale\" content=\"de_DE\" \/>\n<meta property=\"og:type\" content=\"article\" \/>\n<meta property=\"og:title\" content=\"Immunsystem st\u00e4rken: Gegen Erk\u00e4ltungen, Viren, und Bakterien\" \/>\n<meta property=\"og:description\" content=\"St\u00e4rke dein Immunsystem und bek\u00e4mpfe Erk\u00e4ltungen und Viren mit Vit2go IMMUNITY: F\u00fcr t\u00e4gliche Gesundheit &amp; Vitalit\u00e4t mit Vitamin C, Zink, Ingwer, &amp; Calcium.\" \/>\n<meta property=\"og:url\" content=\"https:\/\/www.vit2go.net\/de\/immunity\/\" \/>\n<meta property=\"og:site_name\" content=\"Vit2go Online Shop\" \/>\n<meta property=\"article:modified_time\" content=\"2025-07-29T12:39:33+00:00\" \/>\n<meta property=\"og:image\" content=\"https:\/\/www.vit2go.net\/wp-content\/uploads\/imported\/Variation-DE_IM_30-of-Vit2Go-Immunity-8211-Immunsystem-strken-mit-Multivitaminen-und-Mineralstoffen-ua-Zink-und-B081299SNF-20397-300x238.jpg\" \/>\n<meta name=\"twitter:card\" content=\"summary_large_image\" \/>\n<meta name=\"twitter:label1\" content=\"Gesch\u00e4tzte Lesezeit\" \/>\n\t<meta name=\"twitter:data1\" content=\"2\u00a0Minuten\" \/>\n<script type=\"application\/ld+json\" class=\"yoast-schema-graph\">{\"@context\":\"https:\\\/\\\/schema.org\",\"@graph\":[{\"@type\":\"WebPage\",\"@id\":\"https:\\\/\\\/www.vit2go.net\\\/de\\\/immunity\\\/\",\"url\":\"https:\\\/\\\/www.vit2go.net\\\/de\\\/immunity\\\/\",\"name\":\"Immunsystem st\u00e4rken: Gegen Erk\u00e4ltungen, Viren, und Bakterien\",\"isPartOf\":{\"@id\":\"https:\\\/\\\/www.vit2go.net\\\/de\\\/#website\"},\"primaryImageOfPage\":{\"@id\":\"https:\\\/\\\/www.vit2go.net\\\/de\\\/immunity\\\/#primaryimage\"},\"image\":{\"@id\":\"https:\\\/\\\/www.vit2go.net\\\/de\\\/immunity\\\/#primaryimage\"},\"thumbnailUrl\":\"https:\\\/\\\/www.vit2go.net\\\/wp-content\\\/uploads\\\/imported\\\/Variation-DE_IM_30-of-Vit2Go-Immunity-8211-Immunsystem-strken-mit-Multivitaminen-und-Mineralstoffen-ua-Zink-und-B081299SNF-20397-300x238.jpg\",\"datePublished\":\"2016-07-31T17:38:59+00:00\",\"dateModified\":\"2025-07-29T12:39:33+00:00\",\"description\":\"St\u00e4rke dein Immunsystem und bek\u00e4mpfe Erk\u00e4ltungen und Viren mit Vit2go IMMUNITY: F\u00fcr t\u00e4gliche Gesundheit & Vitalit\u00e4t mit Vitamin C, Zink, Ingwer, & Calcium.\",\"breadcrumb\":{\"@id\":\"https:\\\/\\\/www.vit2go.net\\\/de\\\/immunity\\\/#breadcrumb\"},\"inLanguage\":\"de\",\"potentialAction\":[{\"@type\":\"ReadAction\",\"target\":[\"https:\\\/\\\/www.vit2go.net\\\/de\\\/immunity\\\/\"]}]},{\"@type\":\"ImageObject\",\"inLanguage\":\"de\",\"@id\":\"https:\\\/\\\/www.vit2go.net\\\/de\\\/immunity\\\/#primaryimage\",\"url\":\"https:\\\/\\\/www.vit2go.net\\\/wp-content\\\/uploads\\\/imported\\\/Variation-DE_IM_30-of-Vit2Go-Immunity-8211-Immunsystem-strken-mit-Multivitaminen-und-Mineralstoffen-ua-Zink-und-B081299SNF-20397-300x238.jpg\",\"contentUrl\":\"https:\\\/\\\/www.vit2go.net\\\/wp-content\\\/uploads\\\/imported\\\/Variation-DE_IM_30-of-Vit2Go-Immunity-8211-Immunsystem-strken-mit-Multivitaminen-und-Mineralstoffen-ua-Zink-und-B081299SNF-20397-300x238.jpg\"},{\"@type\":\"BreadcrumbList\",\"@id\":\"https:\\\/\\\/www.vit2go.net\\\/de\\\/immunity\\\/#breadcrumb\",\"itemListElement\":[{\"@type\":\"ListItem\",\"position\":1,\"name\":\"Home\",\"item\":\"https:\\\/\\\/www.vit2go.net\\\/de\\\/\"},{\"@type\":\"ListItem\",\"position\":2,\"name\":\"IMMUNITY\"}]},{\"@type\":\"WebSite\",\"@id\":\"https:\\\/\\\/www.vit2go.net\\\/de\\\/#website\",\"url\":\"https:\\\/\\\/www.vit2go.net\\\/de\\\/\",\"name\":\"Vit2go Online Shop\",\"description\":\"FAQs  - H\u00e4ufig gestellte Fragen \u00fcber unsere Produkte\",\"publisher\":{\"@id\":\"https:\\\/\\\/www.vit2go.net\\\/de\\\/#organization\"},\"potentialAction\":[{\"@type\":\"SearchAction\",\"target\":{\"@type\":\"EntryPoint\",\"urlTemplate\":\"https:\\\/\\\/www.vit2go.net\\\/de\\\/?s={search_term_string}\"},\"query-input\":{\"@type\":\"PropertyValueSpecification\",\"valueRequired\":true,\"valueName\":\"search_term_string\"}}],\"inLanguage\":\"de\"},{\"@type\":\"Organization\",\"@id\":\"https:\\\/\\\/www.vit2go.net\\\/de\\\/#organization\",\"name\":\"vit2go\",\"url\":\"https:\\\/\\\/www.vit2go.net\\\/de\\\/\",\"logo\":{\"@type\":\"ImageObject\",\"inLanguage\":\"de\",\"@id\":\"https:\\\/\\\/www.vit2go.net\\\/de\\\/#\\\/schema\\\/logo\\\/image\\\/\",\"url\":\"https:\\\/\\\/www.vit2go.net\\\/wp-content\\\/uploads\\\/2017\\\/03\\\/Logo-red_700.jpg\",\"contentUrl\":\"https:\\\/\\\/www.vit2go.net\\\/wp-content\\\/uploads\\\/2017\\\/03\\\/Logo-red_700.jpg\",\"width\":700,\"height\":292,\"caption\":\"vit2go\"},\"image\":{\"@id\":\"https:\\\/\\\/www.vit2go.net\\\/de\\\/#\\\/schema\\\/logo\\\/image\\\/\"}}]}<\/script>\n<!-- \/ Yoast SEO plugin. -->","yoast_head_json":{"title":"Immunsystem st\u00e4rken: Gegen Erk\u00e4ltungen, Viren, und Bakterien","description":"St\u00e4rke dein Immunsystem und bek\u00e4mpfe Erk\u00e4ltungen und Viren mit Vit2go IMMUNITY: F\u00fcr t\u00e4gliche Gesundheit & Vitalit\u00e4t mit Vitamin C, Zink, Ingwer, & Calcium.","robots":{"index":"index","follow":"follow","max-snippet":"max-snippet:-1","max-image-preview":"max-image-preview:large","max-video-preview":"max-video-preview:-1"},"canonical":"https:\/\/www.vit2go.net\/de\/immunity\/","og_locale":"de_DE","og_type":"article","og_title":"Immunsystem st\u00e4rken: Gegen Erk\u00e4ltungen, Viren, und Bakterien","og_description":"St\u00e4rke dein Immunsystem und bek\u00e4mpfe Erk\u00e4ltungen und Viren mit Vit2go IMMUNITY: F\u00fcr t\u00e4gliche Gesundheit & Vitalit\u00e4t mit Vitamin C, Zink, Ingwer, & Calcium.","og_url":"https:\/\/www.vit2go.net\/de\/immunity\/","og_site_name":"Vit2go Online Shop","article_modified_time":"2025-07-29T12:39:33+00:00","og_image":[{"url":"https:\/\/www.vit2go.net\/wp-content\/uploads\/imported\/Variation-DE_IM_30-of-Vit2Go-Immunity-8211-Immunsystem-strken-mit-Multivitaminen-und-Mineralstoffen-ua-Zink-und-B081299SNF-20397-300x238.jpg","type":"","width":"","height":""}],"twitter_card":"summary_large_image","twitter_misc":{"Gesch\u00e4tzte Lesezeit":"2\u00a0Minuten"},"schema":{"@context":"https:\/\/schema.org","@graph":[{"@type":"WebPage","@id":"https:\/\/www.vit2go.net\/de\/immunity\/","url":"https:\/\/www.vit2go.net\/de\/immunity\/","name":"Immunsystem st\u00e4rken: Gegen Erk\u00e4ltungen, Viren, und Bakterien","isPartOf":{"@id":"https:\/\/www.vit2go.net\/de\/#website"},"primaryImageOfPage":{"@id":"https:\/\/www.vit2go.net\/de\/immunity\/#primaryimage"},"image":{"@id":"https:\/\/www.vit2go.net\/de\/immunity\/#primaryimage"},"thumbnailUrl":"https:\/\/www.vit2go.net\/wp-content\/uploads\/imported\/Variation-DE_IM_30-of-Vit2Go-Immunity-8211-Immunsystem-strken-mit-Multivitaminen-und-Mineralstoffen-ua-Zink-und-B081299SNF-20397-300x238.jpg","datePublished":"2016-07-31T17:38:59+00:00","dateModified":"2025-07-29T12:39:33+00:00","description":"St\u00e4rke dein Immunsystem und bek\u00e4mpfe Erk\u00e4ltungen und Viren mit Vit2go IMMUNITY: F\u00fcr t\u00e4gliche Gesundheit & Vitalit\u00e4t mit Vitamin C, Zink, Ingwer, & Calcium.","breadcrumb":{"@id":"https:\/\/www.vit2go.net\/de\/immunity\/#breadcrumb"},"inLanguage":"de","potentialAction":[{"@type":"ReadAction","target":["https:\/\/www.vit2go.net\/de\/immunity\/"]}]},{"@type":"ImageObject","inLanguage":"de","@id":"https:\/\/www.vit2go.net\/de\/immunity\/#primaryimage","url":"https:\/\/www.vit2go.net\/wp-content\/uploads\/imported\/Variation-DE_IM_30-of-Vit2Go-Immunity-8211-Immunsystem-strken-mit-Multivitaminen-und-Mineralstoffen-ua-Zink-und-B081299SNF-20397-300x238.jpg","contentUrl":"https:\/\/www.vit2go.net\/wp-content\/uploads\/imported\/Variation-DE_IM_30-of-Vit2Go-Immunity-8211-Immunsystem-strken-mit-Multivitaminen-und-Mineralstoffen-ua-Zink-und-B081299SNF-20397-300x238.jpg"},{"@type":"BreadcrumbList","@id":"https:\/\/www.vit2go.net\/de\/immunity\/#breadcrumb","itemListElement":[{"@type":"ListItem","position":1,"name":"Home","item":"https:\/\/www.vit2go.net\/de\/"},{"@type":"ListItem","position":2,"name":"IMMUNITY"}]},{"@type":"WebSite","@id":"https:\/\/www.vit2go.net\/de\/#website","url":"https:\/\/www.vit2go.net\/de\/","name":"Vit2go Online Shop","description":"FAQs  - H\u00e4ufig gestellte Fragen \u00fcber unsere Produkte","publisher":{"@id":"https:\/\/www.vit2go.net\/de\/#organization"},"potentialAction":[{"@type":"SearchAction","target":{"@type":"EntryPoint","urlTemplate":"https:\/\/www.vit2go.net\/de\/?s={search_term_string}"},"query-input":{"@type":"PropertyValueSpecification","valueRequired":true,"valueName":"search_term_string"}}],"inLanguage":"de"},{"@type":"Organization","@id":"https:\/\/www.vit2go.net\/de\/#organization","name":"vit2go","url":"https:\/\/www.vit2go.net\/de\/","logo":{"@type":"ImageObject","inLanguage":"de","@id":"https:\/\/www.vit2go.net\/de\/#\/schema\/logo\/image\/","url":"https:\/\/www.vit2go.net\/wp-content\/uploads\/2017\/03\/Logo-red_700.jpg","contentUrl":"https:\/\/www.vit2go.net\/wp-content\/uploads\/2017\/03\/Logo-red_700.jpg","width":700,"height":292,"caption":"vit2go"},"image":{"@id":"https:\/\/www.vit2go.net\/de\/#\/schema\/logo\/image\/"}}]}},"_links":{"self":[{"href":"https:\/\/www.vit2go.net\/de\/wp-json\/wp\/v2\/pages\/4323","targetHints":{"allow":["GET"]}}],"collection":[{"href":"https:\/\/www.vit2go.net\/de\/wp-json\/wp\/v2\/pages"}],"about":[{"href":"https:\/\/www.vit2go.net\/de\/wp-json\/wp\/v2\/types\/page"}],"author":[{"embeddable":true,"href":"https:\/\/www.vit2go.net\/de\/wp-json\/wp\/v2\/users\/1"}],"replies":[{"embeddable":true,"href":"https:\/\/www.vit2go.net\/de\/wp-json\/wp\/v2\/comments?post=4323"}],"version-history":[{"count":0,"href":"https:\/\/www.vit2go.net\/de\/wp-json\/wp\/v2\/pages\/4323\/revisions"}],"wp:attachment":[{"href":"https:\/\/www.vit2go.net\/de\/wp-json\/wp\/v2\/media?parent=4323"}],"curies":[{"name":"wp","href":"https:\/\/api.w.org\/{rel}","templated":true}]}}