{"id":32088,"date":"2020-12-03T16:12:10","date_gmt":"2020-12-03T15:12:10","guid":{"rendered":"https:\/\/www.vit2go.net\/?page_id=32088"},"modified":"2021-02-02T12:46:43","modified_gmt":"2021-02-02T11:46:43","slug":"teilnahmebedinungen","status":"publish","type":"page","link":"https:\/\/www.vit2go.net\/de\/teilnahmebedinungen\/","title":{"rendered":"Teilnahmebedinungen"},"content":{"rendered":"<h2><span style=\"font-weight: 400;\">Teilnahmebedingungen Instagram-Gewinnspiel 07.02.2021 &#8211; 10.02.2021<\/span><\/h2>\n<p><span style=\"font-weight: 400;\">Veranstalter des Gewinnspiels (im Nachfolgenden \u201eAktion\u201c genannt) ist die MAD Ventura SL, Avenida General Per\u00f3n, Num. 32, Planta 21, Puerta M. 28020 Madrid, Spanien (im Nachfolgenden \u201eVeranstalter\u201c genannt).<\/span><\/p>\n<p><span style=\"font-weight: 400;\">An der Aktion teilgenommen werden kann im Zeitraum vom 07.02.2021 bis zum 10.02.2021. Die Aktion ist derart ausgestaltet, dass der Veranstalter auf seiner Instagramseite, seine Fans dazu auffordert in einem Kommentar einen Freund zu markieren und den Accounts @littlelunchsoup und @vit2go.official zu folgen.<\/span><\/p>\n<p><span style=\"font-weight: 400;\">Unter allen Teilnehmern verlost der Veranstalter 1 x ein 10er Paket Vit2go ENERGY, 1 x ein 10er Paket Vit2go IMMUNITY und 1 x ein 10er Paket Vit2go DRINK RECOVERY im Wert von 41,70 \u20ac sowie ein 6er Box der Vital Edition von Little Lunch im Wert von 17,94 \u20ac. Eine Barauszahlung, Auszahlung als Gutschein und\/oder \u00dcbertragung des Gewinns ist nicht m\u00f6glich.<\/span><\/p>\n<p><span style=\"font-weight: 400;\">Der Gewinner oder die Gewinnerin werden durch eine Jury des Veranstalters ermittelt. Die Ermittlung des Gewinners findet durch eine einfache Abstimmung statt. Der Gewinner oder die Gewinnerin werden per pers\u00f6nlicher Nachricht benachrichtigt. Die Benachrichtigung erfolgt bis zum 10.02.2021. Meldet sich der Gewinner oder die Gewinnerin nicht bis sp\u00e4testens zum 11.02.2021 zur\u00fcck, verf\u00e4llt der Anspruch auf den Gewinn. Gewinne sind vom Umtausch ausgeschlossen.<\/span><\/p>\n<p><span style=\"font-weight: 400;\">Zur Teilnahme berechtigt sind ausschlie\u00dflich nat\u00fcrliche Personen, die zum Zeitpunkt der Teilnahme mindestens 18 Jahre alt sind und die ihren Wohnsitz in Deutschland haben. Die Teilnahme an der Aktion ist auf den 09.02.2021 23:59 Uhr begrenzt. Versp\u00e4tete Teilnahmen, gleich aus welchem Grund, k\u00f6nnen leider nicht ber\u00fccksichtigt werden. Eine mehrfache oder gleichzeitige Teilnahme einer Person oder Organisation an der Aktion unter der Benutzung von Pseudonymen oder \u00fcber Dritte oder eine sonstige Verwendung unerlaubter Hilfsmittel zur Manipulation der Aktion f\u00fchrt zum Ausschluss des Teilnehmers. Die f\u00fcr die Teilnahme erforderlichen Angaben haben wahrheitsgem\u00e4\u00df zu erfolgen. Der Rechtsweg ist ausgeschlossen.<\/span><\/p>\n<p><span style=\"font-weight: 400;\">Die Aktion steht in keiner Verbindung zu Instagram und wird in keinster Weise von Instagram gesponsert, unterst\u00fctzt oder organisiert. Der Empf\u00e4nger der von den Teilnehmern bereit gestellten Informationen ist nicht Instagram, sondern der Veranstalter. S\u00e4mtliche Fragen, Kommentare oder Beschwerden zu der Aktion sind nicht an Instagram zu richten, sondern direkt \u00fcber info@vit2go.net.<\/span><\/p>\n<h4><strong>Datenschutzhinweis<\/strong><\/h4>\n<p><span style=\"font-weight: 400;\">Der Veranstalter verwendet die von den Teilnehmern mitgeteilten Daten gem\u00e4\u00df den Bestimmungen des deutschen Datenschutzrechts.<\/span><\/p>\n<p><span style=\"font-weight: 400;\">Die personenbezogenen Daten der Teilnehmer werden ausschlie\u00dflich zur Abwicklung der Aktion verwendet. Nach dem Bundesdatenschutzgesetz haben die Teilnehmer gegen\u00fcber dem Veranstalter ein Recht auf unentgeltliche Auskunft \u00fcber ihre gespeicherten Daten sowie ggf. ein Recht auf Berichtigung, Sperrung oder L\u00f6schung dieser Daten. Eine Teilnahme an der Aktion ist dann unter Umst\u00e4nden nicht mehr m\u00f6glich.<\/span><\/p>\n<h2>&#8212;<\/h2>\n<h2><span style=\"font-weight: 400;\">Teilnahmebedingungen Instagram-Gewinnspiel 31.12.2020-04.01.2021<\/span><\/h2>\n<p><span style=\"font-weight: 400;\">Veranstalter des Gewinnspiels (im Nachfolgenden \u201eAktion\u201c genannt) ist die MAD Ventura SL, Avenida General Per\u00f3n, Num. 32, Planta 21, Puerta M. 28020 Madrid, Spanien (im Nachfolgenden \u201eVeranstalter\u201c genannt).<\/span><\/p>\n<p><span style=\"font-weight: 400;\">An der Aktion teilgenommen werden kann im Zeitraum vom 31.12.2020 bis zum 04.01.2021. Die Aktion ist derart ausgestaltet, dass der Veranstalter auf seiner Instagramseite, seine Fans dazu auffordert in einem Kommentar einen Freund zu markieren und dem Account @vit2go.official zu folgen.<\/span><\/p>\n<p><span style=\"font-weight: 400;\">Unter allen Teilnehmern verlost der Veranstalter 1 x ein 10er Paket Vit2go ENERGY, 1 x ein 10er Paket Vit2go IMMUNITY und 1 x ein 10er Paket Vit2go DRINK RECOVERY im Wert von 41,70 \u20ac. Eine Barauszahlung, Auszahlung als Gutschein und\/oder \u00dcbertragung des Gewinns ist nicht m\u00f6glich.<\/span><\/p>\n<p><span style=\"font-weight: 400;\">Der Gewinner oder die Gewinnerin werden durch eine Jury des Veranstalters ermittelt. Die Ermittlung des Gewinners findet durch eine einfache Abstimmung statt. Der Gewinner oder die Gewinnerin werden per pers\u00f6nlicher Nachricht benachrichtigt. Die Benachrichtigung erfolgt bis zum 04.01.2020. Meldet sich der Gewinner oder die Gewinnerin nicht bis sp\u00e4testens zum 06.01.2020 zur\u00fcck, verf\u00e4llt der Anspruch auf den Gewinn. Gewinne sind vom Umtausch ausgeschlossen.<\/span><\/p>\n<p><span style=\"font-weight: 400;\">Zur Teilnahme berechtigt sind ausschlie\u00dflich nat\u00fcrliche Personen, die zum Zeitpunkt der Teilnahme mindestens 18 Jahre alt sind und die ihren Wohnsitz in Europa haben. Die Teilnahme an der Aktion ist auf den 03.01.2021 23:59 Uhr begrenzt. Versp\u00e4tete Teilnahmen, gleich aus welchem Grund, k\u00f6nnen leider nicht ber\u00fccksichtigt werden. Eine mehrfache oder gleichzeitige Teilnahme einer Person oder Organisation an der Aktion unter der Benutzung von Pseudonymen oder \u00fcber Dritte oder eine sonstige Verwendung unerlaubter Hilfsmittel zur Manipulation der Aktion f\u00fchrt zum Ausschluss des Teilnehmers. Die f\u00fcr die Teilnahme erforderlichen Angaben haben wahrheitsgem\u00e4\u00df zu erfolgen. Der Rechtsweg ist ausgeschlossen.<\/span><\/p>\n<p><span style=\"font-weight: 400;\">Die Aktion steht in keiner Verbindung zu Instagram und wird in keinster Weise von Instagram gesponsert, unterst\u00fctzt oder organisiert. Der Empf\u00e4nger der von den Teilnehmern bereit gestellten Informationen ist nicht Instagram, sondern der Veranstalter. S\u00e4mtliche Fragen, Kommentare oder Beschwerden zu der Aktion sind nicht an Instagram zu richten, sondern direkt \u00fcber info@vit2go.net.<\/span><\/p>\n<h4><strong>Datenschutzhinweis<\/strong><\/h4>\n<p><span style=\"font-weight: 400;\">Der Veranstalter verwendet die von den Teilnehmern mitgeteilten Daten gem\u00e4\u00df den Bestimmungen des deutschen Datenschutzrechts.<\/span><\/p>\n<p><span style=\"font-weight: 400;\">Die personenbezogenen Daten der Teilnehmer werden ausschlie\u00dflich zur Abwicklung der Aktion verwendet. Nach dem Bundesdatenschutzgesetz haben die Teilnehmer gegen\u00fcber dem Veranstalter ein Recht auf unentgeltliche Auskunft \u00fcber ihre gespeicherten Daten sowie ggf. ein Recht auf Berichtigung, Sperrung oder L\u00f6schung dieser Daten. Eine Teilnahme an der Aktion ist dann unter Umst\u00e4nden nicht mehr m\u00f6glich.<\/span><\/p>\n<h2>&#8212;<\/h2>\n<h2><span style=\"font-weight: 400;\">Teilnahmebedingungen Instagram-Gewinnspiel 09.12.2020-10.12.2020<\/span><\/h2>\n<p><span style=\"font-weight: 400;\">Veranstalter des Gewinnspiels (im Nachfolgenden \u201eAktion\u201c genannt) ist die MAD Ventura SL, Avenida General Per\u00f3n, Num. 32, Planta 21, Puerta M. 28020 Madrid, Spanien (im Nachfolgenden \u201eVeranstalter\u201c genannt).<\/span><\/p>\n<p><span style=\"font-weight: 400;\">An der Aktion teilgenommen werden kann im Zeitraum vom 09.12.2020 bis zum 10.12.2020. Die Aktion ist derart ausgestaltet, dass der Veranstalter auf seiner Instagramseite, seine Fans dazu auffordert in einem Kommentar einen Freund zu markieren und den Accounts @buahfruits, @raccoonchoc und @vit2go.official zu folgen.<\/span><\/p>\n<p><span style=\"font-weight: 400;\">Unter allen Teilnehmern verlost der Veranstalter 1 x ein 10er Paket Vit2go ENERGY, 1 x ein 10er Paket Vit2go IMMUNITY, 1 x ein 10er Paket Vit2go DRINK RECOVERY, gefriergetrocknete Fr\u00fcchte von buah und 6 Tafeln Schokolade von raccoon. Eine Barauszahlung, Auszahlung als Gutschein und\/oder \u00dcbertragung des Gewinns ist nicht m\u00f6glich.<\/span><\/p>\n<p><span style=\"font-weight: 400;\">Der Gewinner oder die Gewinnerin werden durch eine Jury des Veranstalters ermittelt. Die Ermittlung des Gewinners findet durch eine einfache Abstimmung statt. Der Gewinner oder die Gewinnerin werden per pers\u00f6nlicher Nachricht benachrichtigt. Die Benachrichtigung erfolgt bis zum 11.12.2020. Meldet sich der Gewinner oder die Gewinnerin nicht bis sp\u00e4testens zum 12.12.2020 zur\u00fcck, verf\u00e4llt der Anspruch auf den Gewinn. Gewinne sind vom Umtausch ausgeschlossen.<\/span><\/p>\n<p><span style=\"font-weight: 400;\">Zur Teilnahme berechtigt sind ausschlie\u00dflich nat\u00fcrliche Personen, die zum Zeitpunkt der Teilnahme mindestens 16 Jahre alt sind und die ihren Wohnsitz in der Bundesrepublik Deutschland oder \u00d6sterreich haben. Die Teilnahme an der Aktion ist auf den 10.12.2020 06:59 Uhr begrenzt. Versp\u00e4tete Teilnahmen, gleich aus welchem Grund, k\u00f6nnen leider nicht ber\u00fccksichtigt werden. Eine mehrfache oder gleichzeitige Teilnahme einer Person oder Organisation an der Aktion unter der Benutzung von Pseudonymen oder \u00fcber Dritte oder eine sonstige Verwendung unerlaubter Hilfsmittel zur Manipulation der Aktion f\u00fchrt zum Ausschluss des Teilnehmers. Die f\u00fcr die Teilnahme erforderlichen Angaben haben wahrheitsgem\u00e4\u00df zu erfolgen. Der Rechtsweg ist ausgeschlossen.<\/span><\/p>\n<p><span style=\"font-weight: 400;\">Die Aktion steht in keiner Verbindung zu Instagram und wird in keinster Weise von Instagram gesponsert, unterst\u00fctzt oder organisiert. Der Empf\u00e4nger der von den Teilnehmern bereit gestellten Informationen ist nicht Instagram, sondern der Veranstalter. S\u00e4mtliche Fragen, Kommentare oder Beschwerden zu der Aktion sind nicht an Instagram zu richten, sondern direkt \u00fcber info@vit2go.net.<\/span><\/p>\n<h4><strong>Datenschutzhinweis<\/strong><\/h4>\n<p><span style=\"font-weight: 400;\">Der Veranstalter verwendet die von den Teilnehmern mitgeteilten Daten gem\u00e4\u00df den Bestimmungen des deutschen Datenschutzrechts.<\/span><\/p>\n<p><span style=\"font-weight: 400;\">Die personenbezogenen Daten der Teilnehmer werden ausschlie\u00dflich zur Abwicklung der Aktion verwendet. Nach dem Bundesdatenschutzgesetz haben die Teilnehmer gegen\u00fcber dem Veranstalter ein Recht auf unentgeltliche Auskunft \u00fcber ihre gespeicherten Daten sowie ggf. ein Recht auf Berichtigung, Sperrung oder L\u00f6schung dieser Daten. Eine Teilnahme an der Aktion ist dann unter Umst\u00e4nden nicht mehr m\u00f6glich.<\/span><\/p>\n<h2>&#8212;<\/h2>\n<h2><span style=\"font-weight: 400;\">Teilnahmebedingungen Instagram-Gewinnspiel 04.12.2020-05.12.2020<\/span><\/h2>\n<p><span style=\"font-weight: 400;\">Veranstalter des Gewinnspiels (im Nachfolgenden \u201eAktion\u201c genannt) ist die MAD Ventura SL, Avenida General Per\u00f3n, Num. 32, Planta 21, Puerta M. 28020 Madrid, Spanien (im Nachfolgenden \u201eVeranstalter\u201c genannt).<\/span><\/p>\n<p><span style=\"font-weight: 400;\">An der Aktion teilgenommen werden kann im Zeitraum vom 04.12.2020 bis zum 05.12.2020. Die Aktion ist derart ausgestaltet, dass der Veranstalter auf seiner Instagramseite, seine Fans dazu auffordert in einem Kommentar einen Freund zu markieren und den Accounts @wegain_de und @vit2go.official zu folgen.<\/span><\/p>\n<p><span style=\"font-weight: 400;\">Unter allen Teilnehmern verlost der Veranstalter 1 x ein 10er Paket Vit2go ENERGY, 1 x ein 10er Paket Vit2go IMMUNITY, 1 x ein 10er Paket Vit2go DRINK RECOVERY und einen Tray (24 Dosen) Wegain im Wert von 61,69 \u20ac. Eine Barauszahlung, Auszahlung als Gutschein und\/oder \u00dcbertragung des Gewinns ist nicht m\u00f6glich.<\/span><\/p>\n<p><span style=\"font-weight: 400;\">Der Gewinner oder die Gewinnerin werden durch eine Jury des Veranstalters ermittelt. Die Ermittlung des Gewinners findet durch eine einfache Abstimmung statt. Der Gewinner oder die Gewinnerin werden per pers\u00f6nlicher Nachricht benachrichtigt. Die Benachrichtigung erfolgt bis zum 09.12.2020. Meldet sich der Gewinner oder die Gewinnerin nicht bis sp\u00e4testens zum 11.12.2020 zur\u00fcck, verf\u00e4llt der Anspruch auf den Gewinn. Gewinne sind vom Umtausch ausgeschlossen.<\/span><\/p>\n<p><span style=\"font-weight: 400;\">Zur Teilnahme berechtigt sind ausschlie\u00dflich nat\u00fcrliche Personen, die zum Zeitpunkt der Teilnahme mindestens 18 Jahre alt sind und die ihren Wohnsitz in der Bundesrepublik Deutschland haben. Die Teilnahme an der Aktion ist auf den 05.12.2020 08:00 Uhr begrenzt. Versp\u00e4tete Teilnahmen, gleich aus welchem Grund, k\u00f6nnen leider nicht ber\u00fccksichtigt werden. Eine mehrfache oder gleichzeitige Teilnahme einer Person oder Organisation an der Aktion unter der Benutzung von Pseudonymen oder \u00fcber Dritte oder eine sonstige Verwendung unerlaubter Hilfsmittel zur Manipulation der Aktion f\u00fchrt zum Ausschluss des Teilnehmers. Die f\u00fcr die Teilnahme erforderlichen Angaben haben wahrheitsgem\u00e4\u00df zu erfolgen. Der Rechtsweg ist ausgeschlossen.<\/span><\/p>\n<p><span style=\"font-weight: 400;\">Die Aktion steht in keiner Verbindung zu Instagram und wird in keinster Weise von Instagram gesponsert, unterst\u00fctzt oder organisiert. Der Empf\u00e4nger der von den Teilnehmern bereit gestellten Informationen ist nicht Instagram, sondern der Veranstalter. S\u00e4mtliche Fragen, Kommentare oder Beschwerden zu der Aktion sind nicht an Instagram zu richten, sondern direkt \u00fcber info@vit2go.net.<\/span><\/p>\n<h4><strong>Datenschutzhinweis<\/strong><\/h4>\n<p><span style=\"font-weight: 400;\">Der Veranstalter verwendet die von den Teilnehmern mitgeteilten Daten gem\u00e4\u00df den Bestimmungen des deutschen Datenschutzrechts.<\/span><\/p>\n<p><span style=\"font-weight: 400;\">Die personenbezogenen Daten der Teilnehmer werden ausschlie\u00dflich zur Abwicklung der Aktion verwendet. Nach dem Bundesdatenschutzgesetz haben die Teilnehmer gegen\u00fcber dem Veranstalter ein Recht auf unentgeltliche Auskunft \u00fcber ihre gespeicherten Daten sowie ggf. ein Recht auf Berichtigung, Sperrung oder L\u00f6schung dieser Daten. Eine Teilnahme an der Aktion ist dann unter Umst\u00e4nden nicht mehr m\u00f6glich.<\/span><\/p>\n","protected":false},"excerpt":{"rendered":"<p>Teilnahmebedingungen Instagram-Gewinnspiel 07.02.2021 &#8211; 10.02.2021 Veranstalter des Gewinnspiels (im Nachfolgenden \u201eAktion\u201c genannt) ist die MAD Ventura SL, Avenida General Per\u00f3n,&#8230;<\/p>\n","protected":false},"author":285,"featured_media":0,"parent":0,"menu_order":0,"comment_status":"closed","ping_status":"closed","template":"","meta":{"_acf_changed":false,"footnotes":""},"class_list":["post-32088","page","type-page","status-publish","hentry"],"acf":[],"yoast_head":"<!-- This site is optimized with the Yoast SEO plugin v27.3 - https:\/\/yoast.com\/product\/yoast-seo-wordpress\/ -->\n<title>Teilnahmebedinungen - Vit2go Online Shop<\/title>\n<meta name=\"robots\" content=\"index, follow, max-snippet:-1, max-image-preview:large, max-video-preview:-1\" \/>\n<link rel=\"canonical\" href=\"https:\/\/www.vit2go.net\/de\/teilnahmebedinungen\/\" \/>\n<meta property=\"og:locale\" content=\"de_DE\" \/>\n<meta property=\"og:type\" content=\"article\" \/>\n<meta property=\"og:title\" content=\"Teilnahmebedinungen - Vit2go Online Shop\" \/>\n<meta property=\"og:description\" content=\"Teilnahmebedingungen Instagram-Gewinnspiel 07.02.2021 &#8211; 10.02.2021 Veranstalter des Gewinnspiels (im Nachfolgenden \u201eAktion\u201c genannt) ist die MAD Ventura SL, Avenida General Per\u00f3n,...\" \/>\n<meta property=\"og:url\" content=\"https:\/\/www.vit2go.net\/de\/teilnahmebedinungen\/\" \/>\n<meta property=\"og:site_name\" content=\"Vit2go Online Shop\" \/>\n<meta property=\"article:modified_time\" content=\"2021-02-02T11:46:43+00:00\" \/>\n<meta name=\"twitter:card\" content=\"summary_large_image\" \/>\n<meta name=\"twitter:label1\" content=\"Gesch\u00e4tzte Lesezeit\" \/>\n\t<meta name=\"twitter:data1\" content=\"8\u00a0Minuten\" \/>\n<script type=\"application\/ld+json\" class=\"yoast-schema-graph\">{\"@context\":\"https:\\\/\\\/schema.org\",\"@graph\":[{\"@type\":\"WebPage\",\"@id\":\"https:\\\/\\\/www.vit2go.net\\\/de\\\/teilnahmebedinungen\\\/\",\"url\":\"https:\\\/\\\/www.vit2go.net\\\/de\\\/teilnahmebedinungen\\\/\",\"name\":\"Teilnahmebedinungen - Vit2go Online Shop\",\"isPartOf\":{\"@id\":\"https:\\\/\\\/www.vit2go.net\\\/de\\\/#website\"},\"datePublished\":\"2020-12-03T15:12:10+00:00\",\"dateModified\":\"2021-02-02T11:46:43+00:00\",\"breadcrumb\":{\"@id\":\"https:\\\/\\\/www.vit2go.net\\\/de\\\/teilnahmebedinungen\\\/#breadcrumb\"},\"inLanguage\":\"de\",\"potentialAction\":[{\"@type\":\"ReadAction\",\"target\":[\"https:\\\/\\\/www.vit2go.net\\\/de\\\/teilnahmebedinungen\\\/\"]}]},{\"@type\":\"BreadcrumbList\",\"@id\":\"https:\\\/\\\/www.vit2go.net\\\/de\\\/teilnahmebedinungen\\\/#breadcrumb\",\"itemListElement\":[{\"@type\":\"ListItem\",\"position\":1,\"name\":\"Home\",\"item\":\"https:\\\/\\\/www.vit2go.net\\\/de\\\/\"},{\"@type\":\"ListItem\",\"position\":2,\"name\":\"Teilnahmebedinungen\"}]},{\"@type\":\"WebSite\",\"@id\":\"https:\\\/\\\/www.vit2go.net\\\/de\\\/#website\",\"url\":\"https:\\\/\\\/www.vit2go.net\\\/de\\\/\",\"name\":\"Vit2go Online Shop\",\"description\":\"FAQs  - H\u00e4ufig gestellte Fragen \u00fcber unsere Produkte\",\"publisher\":{\"@id\":\"https:\\\/\\\/www.vit2go.net\\\/de\\\/#organization\"},\"potentialAction\":[{\"@type\":\"SearchAction\",\"target\":{\"@type\":\"EntryPoint\",\"urlTemplate\":\"https:\\\/\\\/www.vit2go.net\\\/de\\\/?s={search_term_string}\"},\"query-input\":{\"@type\":\"PropertyValueSpecification\",\"valueRequired\":true,\"valueName\":\"search_term_string\"}}],\"inLanguage\":\"de\"},{\"@type\":\"Organization\",\"@id\":\"https:\\\/\\\/www.vit2go.net\\\/de\\\/#organization\",\"name\":\"vit2go\",\"url\":\"https:\\\/\\\/www.vit2go.net\\\/de\\\/\",\"logo\":{\"@type\":\"ImageObject\",\"inLanguage\":\"de\",\"@id\":\"https:\\\/\\\/www.vit2go.net\\\/de\\\/#\\\/schema\\\/logo\\\/image\\\/\",\"url\":\"https:\\\/\\\/www.vit2go.net\\\/wp-content\\\/uploads\\\/2017\\\/03\\\/Logo-red_700.jpg\",\"contentUrl\":\"https:\\\/\\\/www.vit2go.net\\\/wp-content\\\/uploads\\\/2017\\\/03\\\/Logo-red_700.jpg\",\"width\":700,\"height\":292,\"caption\":\"vit2go\"},\"image\":{\"@id\":\"https:\\\/\\\/www.vit2go.net\\\/de\\\/#\\\/schema\\\/logo\\\/image\\\/\"}}]}<\/script>\n<!-- \/ Yoast SEO plugin. -->","yoast_head_json":{"title":"Teilnahmebedinungen - Vit2go Online Shop","robots":{"index":"index","follow":"follow","max-snippet":"max-snippet:-1","max-image-preview":"max-image-preview:large","max-video-preview":"max-video-preview:-1"},"canonical":"https:\/\/www.vit2go.net\/de\/teilnahmebedinungen\/","og_locale":"de_DE","og_type":"article","og_title":"Teilnahmebedinungen - Vit2go Online Shop","og_description":"Teilnahmebedingungen Instagram-Gewinnspiel 07.02.2021 &#8211; 10.02.2021 Veranstalter des Gewinnspiels (im Nachfolgenden \u201eAktion\u201c genannt) ist die MAD Ventura SL, Avenida General Per\u00f3n,...","og_url":"https:\/\/www.vit2go.net\/de\/teilnahmebedinungen\/","og_site_name":"Vit2go Online Shop","article_modified_time":"2021-02-02T11:46:43+00:00","twitter_card":"summary_large_image","twitter_misc":{"Gesch\u00e4tzte Lesezeit":"8\u00a0Minuten"},"schema":{"@context":"https:\/\/schema.org","@graph":[{"@type":"WebPage","@id":"https:\/\/www.vit2go.net\/de\/teilnahmebedinungen\/","url":"https:\/\/www.vit2go.net\/de\/teilnahmebedinungen\/","name":"Teilnahmebedinungen - Vit2go Online Shop","isPartOf":{"@id":"https:\/\/www.vit2go.net\/de\/#website"},"datePublished":"2020-12-03T15:12:10+00:00","dateModified":"2021-02-02T11:46:43+00:00","breadcrumb":{"@id":"https:\/\/www.vit2go.net\/de\/teilnahmebedinungen\/#breadcrumb"},"inLanguage":"de","potentialAction":[{"@type":"ReadAction","target":["https:\/\/www.vit2go.net\/de\/teilnahmebedinungen\/"]}]},{"@type":"BreadcrumbList","@id":"https:\/\/www.vit2go.net\/de\/teilnahmebedinungen\/#breadcrumb","itemListElement":[{"@type":"ListItem","position":1,"name":"Home","item":"https:\/\/www.vit2go.net\/de\/"},{"@type":"ListItem","position":2,"name":"Teilnahmebedinungen"}]},{"@type":"WebSite","@id":"https:\/\/www.vit2go.net\/de\/#website","url":"https:\/\/www.vit2go.net\/de\/","name":"Vit2go Online Shop","description":"FAQs  - H\u00e4ufig gestellte Fragen \u00fcber unsere Produkte","publisher":{"@id":"https:\/\/www.vit2go.net\/de\/#organization"},"potentialAction":[{"@type":"SearchAction","target":{"@type":"EntryPoint","urlTemplate":"https:\/\/www.vit2go.net\/de\/?s={search_term_string}"},"query-input":{"@type":"PropertyValueSpecification","valueRequired":true,"valueName":"search_term_string"}}],"inLanguage":"de"},{"@type":"Organization","@id":"https:\/\/www.vit2go.net\/de\/#organization","name":"vit2go","url":"https:\/\/www.vit2go.net\/de\/","logo":{"@type":"ImageObject","inLanguage":"de","@id":"https:\/\/www.vit2go.net\/de\/#\/schema\/logo\/image\/","url":"https:\/\/www.vit2go.net\/wp-content\/uploads\/2017\/03\/Logo-red_700.jpg","contentUrl":"https:\/\/www.vit2go.net\/wp-content\/uploads\/2017\/03\/Logo-red_700.jpg","width":700,"height":292,"caption":"vit2go"},"image":{"@id":"https:\/\/www.vit2go.net\/de\/#\/schema\/logo\/image\/"}}]}},"_links":{"self":[{"href":"https:\/\/www.vit2go.net\/de\/wp-json\/wp\/v2\/pages\/32088","targetHints":{"allow":["GET"]}}],"collection":[{"href":"https:\/\/www.vit2go.net\/de\/wp-json\/wp\/v2\/pages"}],"about":[{"href":"https:\/\/www.vit2go.net\/de\/wp-json\/wp\/v2\/types\/page"}],"author":[{"embeddable":true,"href":"https:\/\/www.vit2go.net\/de\/wp-json\/wp\/v2\/users\/285"}],"replies":[{"embeddable":true,"href":"https:\/\/www.vit2go.net\/de\/wp-json\/wp\/v2\/comments?post=32088"}],"version-history":[{"count":10,"href":"https:\/\/www.vit2go.net\/de\/wp-json\/wp\/v2\/pages\/32088\/revisions"}],"predecessor-version":[{"id":33384,"href":"https:\/\/www.vit2go.net\/de\/wp-json\/wp\/v2\/pages\/32088\/revisions\/33384"}],"wp:attachment":[{"href":"https:\/\/www.vit2go.net\/de\/wp-json\/wp\/v2\/media?parent=32088"}],"curies":[{"name":"wp","href":"https:\/\/api.w.org\/{rel}","templated":true}]}}