{"id":12006,"date":"2018-09-10T18:16:18","date_gmt":"2018-09-10T16:16:18","guid":{"rendered":"https:\/\/www.vit2go.net\/?page_id=12006"},"modified":"2025-09-18T13:19:07","modified_gmt":"2025-09-18T11:19:07","slug":"kontakt-neu","status":"publish","type":"page","link":"https:\/\/www.vit2go.net\/de\/kontakt\/","title":{"rendered":"Kontakt"},"content":{"rendered":"<div class=\"kont-block\">\n<h3 class=\"h3 kont-h3\">F\u00fcr Fragen, Anregungen &amp; Verbesserungsw\u00fcnsche<\/h3>\n<div>Du hast Deine Frage nicht in unseren <a href=\"https:\/\/www.vit2go.net\/de\/faq\/\">FAQs<\/a> gefunden? Du hast Vorschl\u00e4ge, wie wir Vit2go verbessern k\u00f6nnen? Dann schreibe uns einfach eine Nachricht und wir k\u00fcmmern uns sofort um Dein Anliegen.<\/div>\n<\/div>\n<div class=\"kont-block\">\n<h3 class=\"h3 kont-h3\">F\u00fcr Kooperationen, Vertriebspartner &amp; Gesch\u00e4ftskunden<\/h3>\n<div>Du m\u00f6chtest gerne Vertriebspartner werden oder hast eine geniale Gesch\u00e4ftsidee zu der Vit2go perfekt passt? Schreib uns gerne jederzeit an!<\/div>\n<\/div>\n<div class=\"kont-block\">\n<h3 class=\"h3 kont-h3\">F\u00fcr Journalisten, Medien, Blogger &amp; Influencer<\/h3>\n<div>Du suchst nach Produktinformationen, Bildmaterial und Factsheets rund um Vit2go und das Unternehmen? Wir haben in unserem Pressebereich alle interessanten Informationen f\u00fcr Dich zusammengestellt. Solltest du noch weiteres Material f\u00fcr Dein Feature ben\u00f6tigen, schreib uns an! Auf Anfrage geben wir gerne Exklusiv-Interviews und Produkt-Samples aus.<\/div>\n<\/div>\n<div class=\"kont-block\">\n<h3 class=\"h3 kont-h3\">Sonstiges<\/h3>\n<div>Wir freuen uns auf alle weiteren Anfragen und Messages von Dir!<\/div>\n<\/div>\n","protected":false},"excerpt":{"rendered":"<p>F\u00fcr Fragen, Anregungen &amp; Verbesserungsw\u00fcnsche Du hast Deine Frage nicht in unseren FAQs gefunden? Du hast Vorschl\u00e4ge, wie wir Vit2go&#8230;<\/p>\n","protected":false},"author":161,"featured_media":34369,"parent":0,"menu_order":0,"comment_status":"closed","ping_status":"closed","template":"template-contacts.php","meta":{"_acf_changed":false,"footnotes":""},"class_list":["post-12006","page","type-page","status-publish","has-post-thumbnail","hentry"],"acf":[],"yoast_head":"<!-- This site is optimized with the Yoast SEO plugin v27.3 - https:\/\/yoast.com\/product\/yoast-seo-wordpress\/ -->\n<title>Kontakt: Vit2go ganz einfach erreichen<\/title>\n<meta name=\"description\" content=\"Fragen oder Anregungen? Kontaktiere uns! Wir helfen gerne bei der Beratung unserer Nahrungserg\u00e4nzungen und sch\u00e4tzen dein Feedback.\" \/>\n<meta name=\"robots\" content=\"index, follow, max-snippet:-1, max-image-preview:large, max-video-preview:-1\" \/>\n<link rel=\"canonical\" href=\"https:\/\/www.vit2go.net\/de\/kontakt\/\" \/>\n<meta property=\"og:locale\" content=\"de_DE\" \/>\n<meta property=\"og:type\" content=\"article\" \/>\n<meta property=\"og:title\" content=\"Kontakt: Vit2go ganz einfach erreichen\" \/>\n<meta property=\"og:description\" content=\"Fragen oder Anregungen? Kontaktiere uns! Wir helfen gerne bei der Beratung unserer Nahrungserg\u00e4nzungen und sch\u00e4tzen dein Feedback.\" \/>\n<meta property=\"og:url\" content=\"https:\/\/www.vit2go.net\/de\/kontakt\/\" \/>\n<meta property=\"og:site_name\" content=\"Vit2go Online Shop\" \/>\n<meta property=\"article:modified_time\" content=\"2025-09-18T11:19:07+00:00\" \/>\n<meta property=\"og:image\" content=\"https:\/\/www.vit2go.net\/wp-content\/uploads\/2021\/03\/contact_img2.jpg\" \/>\n\t<meta property=\"og:image:width\" content=\"510\" \/>\n\t<meta property=\"og:image:height\" content=\"550\" \/>\n\t<meta property=\"og:image:type\" content=\"image\/jpeg\" \/>\n<meta name=\"twitter:card\" content=\"summary_large_image\" \/>\n<meta name=\"twitter:label1\" content=\"Gesch\u00e4tzte Lesezeit\" \/>\n\t<meta name=\"twitter:data1\" content=\"1\u00a0Minute\" \/>\n<script type=\"application\/ld+json\" class=\"yoast-schema-graph\">{\"@context\":\"https:\\\/\\\/schema.org\",\"@graph\":[{\"@type\":\"WebPage\",\"@id\":\"https:\\\/\\\/www.vit2go.net\\\/de\\\/kontakt\\\/\",\"url\":\"https:\\\/\\\/www.vit2go.net\\\/de\\\/kontakt\\\/\",\"name\":\"Kontakt: Vit2go ganz einfach erreichen\",\"isPartOf\":{\"@id\":\"https:\\\/\\\/www.vit2go.net\\\/de\\\/#website\"},\"primaryImageOfPage\":{\"@id\":\"https:\\\/\\\/www.vit2go.net\\\/de\\\/kontakt\\\/#primaryimage\"},\"image\":{\"@id\":\"https:\\\/\\\/www.vit2go.net\\\/de\\\/kontakt\\\/#primaryimage\"},\"thumbnailUrl\":\"https:\\\/\\\/www.vit2go.net\\\/wp-content\\\/uploads\\\/2021\\\/03\\\/contact_img2.jpg\",\"datePublished\":\"2018-09-10T16:16:18+00:00\",\"dateModified\":\"2025-09-18T11:19:07+00:00\",\"description\":\"Fragen oder Anregungen? Kontaktiere uns! Wir helfen gerne bei der Beratung unserer Nahrungserg\u00e4nzungen und sch\u00e4tzen dein Feedback.\",\"breadcrumb\":{\"@id\":\"https:\\\/\\\/www.vit2go.net\\\/de\\\/kontakt\\\/#breadcrumb\"},\"inLanguage\":\"de\",\"potentialAction\":[{\"@type\":\"ReadAction\",\"target\":[\"https:\\\/\\\/www.vit2go.net\\\/de\\\/kontakt\\\/\"]}]},{\"@type\":\"ImageObject\",\"inLanguage\":\"de\",\"@id\":\"https:\\\/\\\/www.vit2go.net\\\/de\\\/kontakt\\\/#primaryimage\",\"url\":\"https:\\\/\\\/www.vit2go.net\\\/wp-content\\\/uploads\\\/2021\\\/03\\\/contact_img2.jpg\",\"contentUrl\":\"https:\\\/\\\/www.vit2go.net\\\/wp-content\\\/uploads\\\/2021\\\/03\\\/contact_img2.jpg\",\"width\":510,\"height\":550,\"caption\":\"contact_img\"},{\"@type\":\"BreadcrumbList\",\"@id\":\"https:\\\/\\\/www.vit2go.net\\\/de\\\/kontakt\\\/#breadcrumb\",\"itemListElement\":[{\"@type\":\"ListItem\",\"position\":1,\"name\":\"Home\",\"item\":\"https:\\\/\\\/www.vit2go.net\\\/de\\\/\"},{\"@type\":\"ListItem\",\"position\":2,\"name\":\"Kontakt\"}]},{\"@type\":\"WebSite\",\"@id\":\"https:\\\/\\\/www.vit2go.net\\\/de\\\/#website\",\"url\":\"https:\\\/\\\/www.vit2go.net\\\/de\\\/\",\"name\":\"Vit2go Online Shop\",\"description\":\"FAQs  - H\u00e4ufig gestellte Fragen \u00fcber unsere Produkte\",\"publisher\":{\"@id\":\"https:\\\/\\\/www.vit2go.net\\\/de\\\/#organization\"},\"potentialAction\":[{\"@type\":\"SearchAction\",\"target\":{\"@type\":\"EntryPoint\",\"urlTemplate\":\"https:\\\/\\\/www.vit2go.net\\\/de\\\/?s={search_term_string}\"},\"query-input\":{\"@type\":\"PropertyValueSpecification\",\"valueRequired\":true,\"valueName\":\"search_term_string\"}}],\"inLanguage\":\"de\"},{\"@type\":\"Organization\",\"@id\":\"https:\\\/\\\/www.vit2go.net\\\/de\\\/#organization\",\"name\":\"vit2go\",\"url\":\"https:\\\/\\\/www.vit2go.net\\\/de\\\/\",\"logo\":{\"@type\":\"ImageObject\",\"inLanguage\":\"de\",\"@id\":\"https:\\\/\\\/www.vit2go.net\\\/de\\\/#\\\/schema\\\/logo\\\/image\\\/\",\"url\":\"https:\\\/\\\/www.vit2go.net\\\/wp-content\\\/uploads\\\/2017\\\/03\\\/Logo-red_700.jpg\",\"contentUrl\":\"https:\\\/\\\/www.vit2go.net\\\/wp-content\\\/uploads\\\/2017\\\/03\\\/Logo-red_700.jpg\",\"width\":700,\"height\":292,\"caption\":\"vit2go\"},\"image\":{\"@id\":\"https:\\\/\\\/www.vit2go.net\\\/de\\\/#\\\/schema\\\/logo\\\/image\\\/\"}}]}<\/script>\n<!-- \/ Yoast SEO plugin. -->","yoast_head_json":{"title":"Kontakt: Vit2go ganz einfach erreichen","description":"Fragen oder Anregungen? Kontaktiere uns! Wir helfen gerne bei der Beratung unserer Nahrungserg\u00e4nzungen und sch\u00e4tzen dein Feedback.","robots":{"index":"index","follow":"follow","max-snippet":"max-snippet:-1","max-image-preview":"max-image-preview:large","max-video-preview":"max-video-preview:-1"},"canonical":"https:\/\/www.vit2go.net\/de\/kontakt\/","og_locale":"de_DE","og_type":"article","og_title":"Kontakt: Vit2go ganz einfach erreichen","og_description":"Fragen oder Anregungen? Kontaktiere uns! Wir helfen gerne bei der Beratung unserer Nahrungserg\u00e4nzungen und sch\u00e4tzen dein Feedback.","og_url":"https:\/\/www.vit2go.net\/de\/kontakt\/","og_site_name":"Vit2go Online Shop","article_modified_time":"2025-09-18T11:19:07+00:00","og_image":[{"width":510,"height":550,"url":"https:\/\/www.vit2go.net\/wp-content\/uploads\/2021\/03\/contact_img2.jpg","type":"image\/jpeg"}],"twitter_card":"summary_large_image","twitter_misc":{"Gesch\u00e4tzte Lesezeit":"1\u00a0Minute"},"schema":{"@context":"https:\/\/schema.org","@graph":[{"@type":"WebPage","@id":"https:\/\/www.vit2go.net\/de\/kontakt\/","url":"https:\/\/www.vit2go.net\/de\/kontakt\/","name":"Kontakt: Vit2go ganz einfach erreichen","isPartOf":{"@id":"https:\/\/www.vit2go.net\/de\/#website"},"primaryImageOfPage":{"@id":"https:\/\/www.vit2go.net\/de\/kontakt\/#primaryimage"},"image":{"@id":"https:\/\/www.vit2go.net\/de\/kontakt\/#primaryimage"},"thumbnailUrl":"https:\/\/www.vit2go.net\/wp-content\/uploads\/2021\/03\/contact_img2.jpg","datePublished":"2018-09-10T16:16:18+00:00","dateModified":"2025-09-18T11:19:07+00:00","description":"Fragen oder Anregungen? Kontaktiere uns! Wir helfen gerne bei der Beratung unserer Nahrungserg\u00e4nzungen und sch\u00e4tzen dein Feedback.","breadcrumb":{"@id":"https:\/\/www.vit2go.net\/de\/kontakt\/#breadcrumb"},"inLanguage":"de","potentialAction":[{"@type":"ReadAction","target":["https:\/\/www.vit2go.net\/de\/kontakt\/"]}]},{"@type":"ImageObject","inLanguage":"de","@id":"https:\/\/www.vit2go.net\/de\/kontakt\/#primaryimage","url":"https:\/\/www.vit2go.net\/wp-content\/uploads\/2021\/03\/contact_img2.jpg","contentUrl":"https:\/\/www.vit2go.net\/wp-content\/uploads\/2021\/03\/contact_img2.jpg","width":510,"height":550,"caption":"contact_img"},{"@type":"BreadcrumbList","@id":"https:\/\/www.vit2go.net\/de\/kontakt\/#breadcrumb","itemListElement":[{"@type":"ListItem","position":1,"name":"Home","item":"https:\/\/www.vit2go.net\/de\/"},{"@type":"ListItem","position":2,"name":"Kontakt"}]},{"@type":"WebSite","@id":"https:\/\/www.vit2go.net\/de\/#website","url":"https:\/\/www.vit2go.net\/de\/","name":"Vit2go Online Shop","description":"FAQs  - H\u00e4ufig gestellte Fragen \u00fcber unsere Produkte","publisher":{"@id":"https:\/\/www.vit2go.net\/de\/#organization"},"potentialAction":[{"@type":"SearchAction","target":{"@type":"EntryPoint","urlTemplate":"https:\/\/www.vit2go.net\/de\/?s={search_term_string}"},"query-input":{"@type":"PropertyValueSpecification","valueRequired":true,"valueName":"search_term_string"}}],"inLanguage":"de"},{"@type":"Organization","@id":"https:\/\/www.vit2go.net\/de\/#organization","name":"vit2go","url":"https:\/\/www.vit2go.net\/de\/","logo":{"@type":"ImageObject","inLanguage":"de","@id":"https:\/\/www.vit2go.net\/de\/#\/schema\/logo\/image\/","url":"https:\/\/www.vit2go.net\/wp-content\/uploads\/2017\/03\/Logo-red_700.jpg","contentUrl":"https:\/\/www.vit2go.net\/wp-content\/uploads\/2017\/03\/Logo-red_700.jpg","width":700,"height":292,"caption":"vit2go"},"image":{"@id":"https:\/\/www.vit2go.net\/de\/#\/schema\/logo\/image\/"}}]}},"_links":{"self":[{"href":"https:\/\/www.vit2go.net\/de\/wp-json\/wp\/v2\/pages\/12006","targetHints":{"allow":["GET"]}}],"collection":[{"href":"https:\/\/www.vit2go.net\/de\/wp-json\/wp\/v2\/pages"}],"about":[{"href":"https:\/\/www.vit2go.net\/de\/wp-json\/wp\/v2\/types\/page"}],"author":[{"embeddable":true,"href":"https:\/\/www.vit2go.net\/de\/wp-json\/wp\/v2\/users\/161"}],"replies":[{"embeddable":true,"href":"https:\/\/www.vit2go.net\/de\/wp-json\/wp\/v2\/comments?post=12006"}],"version-history":[{"count":3,"href":"https:\/\/www.vit2go.net\/de\/wp-json\/wp\/v2\/pages\/12006\/revisions"}],"predecessor-version":[{"id":62840,"href":"https:\/\/www.vit2go.net\/de\/wp-json\/wp\/v2\/pages\/12006\/revisions\/62840"}],"wp:featuredmedia":[{"embeddable":true,"href":"https:\/\/www.vit2go.net\/de\/wp-json\/wp\/v2\/media\/34369"}],"wp:attachment":[{"href":"https:\/\/www.vit2go.net\/de\/wp-json\/wp\/v2\/media?parent=12006"}],"curies":[{"name":"wp","href":"https:\/\/api.w.org\/{rel}","templated":true}]}}